{"id":770,"date":"2025-05-04T16:22:54","date_gmt":"2025-05-04T14:22:54","guid":{"rendered":"http:\/\/relaunch.assmann-kiel.de\/?page_id=770"},"modified":"2026-01-21T13:47:01","modified_gmt":"2026-01-21T12:47:01","slug":"datenschutzerklaerung","status":"publish","type":"page","link":"https:\/\/www.assmann-kiel.de\/index.php\/datenschutzerklaerung\/","title":{"rendered":"Datenschutz"},"content":{"rendered":"\n<style type=\"text\/css\" data-created_by=\"avia_inline_auto\" id=\"style-css-av-ma9qpuhh-a567a714aad5b833b56b79abe4030468\">\n#top .av-special-heading.av-ma9qpuhh-a567a714aad5b833b56b79abe4030468{\npadding-bottom:50px;\n}\nbody .av-special-heading.av-ma9qpuhh-a567a714aad5b833b56b79abe4030468 .av-special-heading-tag .heading-char{\nfont-size:25px;\n}\n.av-special-heading.av-ma9qpuhh-a567a714aad5b833b56b79abe4030468 .special-heading-inner-border{\nborder-color:#0070e8;\n}\n.av-special-heading.av-ma9qpuhh-a567a714aad5b833b56b79abe4030468 .av-subheading{\nfont-size:15px;\n}\nbody .av-special-heading.av-ma9qpuhh-a567a714aad5b833b56b79abe4030468 .av-special-heading-tag .heading-wrap:before{\nborder-color:#0070e8;\n}\nbody .av-special-heading.av-ma9qpuhh-a567a714aad5b833b56b79abe4030468 .av-special-heading-tag .heading-wrap:after{\nborder-color:#0070e8;\n}\n<\/style>\n<div  class='av-special-heading av-ma9qpuhh-a567a714aad5b833b56b79abe4030468 av-special-heading-h2 custom-color-heading blockquote elegant-quote elegant-centered  avia-builder-el-0  el_before_av_one_full  avia-builder-el-first '><h2 class='av-special-heading-tag'  itemprop=\"headline\"  ><span class=\"heading-wrap\">Datenschutzerkl\u00e4rung<\/span><\/h2><div class=\"special-heading-border\"><div class=\"special-heading-inner-border\"><\/div><\/div><\/div>\n<div class='flex_column av-89em2-e61e9dd80d528c097366a81bc6b0e597 av_one_full  avia-builder-el-1  el_after_av_heading  avia-builder-el-last  first flex_column_div '     ><section  class='av_textblock_section av-ma9qqs98-3135c94900dc73b366df66a153520f7d'  itemscope=\"itemscope\" itemtype=\"https:\/\/schema.org\/CreativeWork\" ><div class='avia_textblock'  itemprop=\"text\" ><div class=\"vc_row wpb_row vc_row-fluid\">\n<div class=\"wpb_column vc_column_container vc_col-sm-12\">\n<div class=\"vc_column-inner\">\n<div class=\"wpb_wrapper\">\n<div class=\"wpb_text_column wpb_content_element \">\n<div class=\"wpb_wrapper\">\n<p><strong>Gegenstand<\/strong><br \/>\nNachfolgend m\u00f6chten wir Sie dar\u00fcber informieren, welche personenbezogenen Daten wir von Ihnen bei der Nutzung unserer Angebote und den nachfolgend beschriebenen Vorg\u00e4ngen verarbeiten.<br \/>\nPersonenbezogene Daten (nachfolgend \u201eDaten\u201c) sind alle Daten, die auf Sie pers\u00f6nlich beziehbar sind, z.B. Ihr Name, Ihre E-Mail-Adresse und Ihre Nutzung unserer Angebote.<\/p>\n<p><strong>Verantwortlicher<\/strong><br \/>\nVerantwortlicher im Sinne der Datenschutz-Grundverordnung (DSGVO) ist die Assmann GmbH, Edisonstr. 46, 24145 Kiel, <a href=\"mailto:kontakt@assmann-kiel.de\">kontakt@assmann-kiel.de<\/a>.<br \/>\nUnseren Datenschutzbeauftragten Frank-H. Rix Managementsysteme k\u00f6nnen Sie per E-Mail unter <a href=\"mailto:info@rix-datenschutz.de\">info@rix-datenschutz.de<\/a> oder per Post unter unserer Anschrift mit dem Zusatz \u201eder Datenschutzbeauftragte\u201c erreichen.<\/p>\n<p><strong>Browserdaten<\/strong><br \/>\nSobald Sie unsere Website aufrufen, erhebt unser Webserver, auf dem unsere Website liegt, automatisch die folgenden von Ihrem Browser \u00fcbermittelten Daten:<\/p>\n<ul>\n<li>\u00a0IP-Adresse Ihres Endger\u00e4tes<\/li>\n<li>Datum und Uhrzeit der Anfrage<\/li>\n<li>Inhalt der Anforderung (konkrete Seite)<\/li>\n<li>Zugriffsstatus und \u00fcbertragene Datenmenge<\/li>\n<li>Produkt- und Versionsinformationen Ihres Browsers<\/li>\n<li>Betriebssystem Ihres Endger\u00e4tes<\/li>\n<li>von welcher Website aus der Zugriff auf unsere Website erfolgte<\/li>\n<\/ul>\n<p>Diese Daten sind f\u00fcr uns technisch erforderlich, um Ihnen unsere Website anzuzeigen und um die Stabilit\u00e4t und Sicherheit unserer Website zu gew\u00e4hrleisten. Empf\u00e4nger ist in diesem Zusammenhang unser Server-Host.<\/p>\n<p>Die IP-Adresse Ihres Endger\u00e4tes wird dabei nur f\u00fcr die Zeit Ihrer Nutzung der Website gespeichert und im Anschluss daran unverz\u00fcglich gel\u00f6scht oder durch K\u00fcrzung anonymisiert.<\/p>\n<p>Die Rechtsgrundlage ist Art. 6 Abs. 1 S. 1 lit. f DSGVO, wobei sich unsere berechtigten Interessen aus den vorgenannten Zwecken ergeben.<\/p>\n<p><strong>Funktionelle Cookies<\/strong><br \/>\nWir setzen Cookies ein, um die Nutzung unserer Website komfortabel f\u00fcr Sie zu gestalten.<\/p>\n<p>Cookies sind kleine Textdateien, die im Rahmen Ihres Besuchs unserer Website von unserem Webserver an Ihren Browser gesandt und von diesem auf Ihrem Rechner f\u00fcr einen sp\u00e4teren Abruf vorgehalten werden. Die Cookies erm\u00f6glichen die Wiedererkennung Ihres Internetbrowsers.<\/p>\n<p>Wir setzen Cookies ein, um Ihre Voreinstellungen verf\u00fcgbar zu machen, um Ihre pers\u00f6nlichen Daten bei zuk\u00fcnftigen Interaktionen mit unserer Website in die Eingabemaske einzutragen zu lassen oder um Ihre Autorisierung sicherzustellen.<\/p>\n<p>Session-Cookies werden automatisiert gel\u00f6scht, wenn Sie den Browser schlie\u00dfen. Andere Cookies werden automatisiert nach einer vorgegebenen Dauer gel\u00f6scht, die sich je nach Cookie unterscheiden kann. Die genaue Speicherdauer k\u00f6nnen Sie den Einstellungen Ihres Browsers entnehmen.<\/p>\n<p>Sie k\u00f6nnen Ihre Browser-Einstellung entsprechend Ihren W\u00fcnschen konfigurieren und z. B. die Annahme von Third-Party-Cookies oder allen Cookies ablehnen. Wir weisen Sie darauf hin, dass Sie dann eventuell nicht alle Funktionen dieser Website nutzen k\u00f6nnen.<\/p>\n<p>Sie k\u00f6nnen die Cookies in den Sicherheitseinstellungen Ihres Browsers jederzeit l\u00f6schen.<\/p>\n<p>Die Rechtsgrundlage ist Art. 6 Abs. 1 S. 1 lit. f DSGVO, wobei sich unsere berechtigten Interessen aus den vorgenannten Zwecken ergeben.<\/p>\n<p><strong>Ihre Anfrage<\/strong><br \/>\nWir bieten Ihnen verschiedene Kontaktm\u00f6glichkeiten, z.B. unsere Anschrift, unsere E-Mail-Adresse, unsere Telefonnummer, u.U. Chatsysteme, die M\u00f6glichkeit zu einer Online-Terminvereinbarung, unseren R\u00fcckruf-Service, unsere Auftritte in den sozialen Medien und unser Kontaktformular.<\/p>\n<p>Wenn Sie mit uns Kontakt aufnehmen, nutzen wir die von Ihnen mitgeteilten Daten, wie z.B. Ihre E-Mail-Adresse, Ihren Namen und den Inhalt Ihrer Anfrage, um Ihre Anfrage zu bearbeiten.<\/p>\n<p>Im Rahmen der Kommunikation setzen wir u.U. zus\u00e4tzlich Messenger ein. Sie sind jederzeit berechtigt unsere weiteren Kommunikationsmittel zu nutzen. Nutzt der Messenger eine Ende-zu-Ende-Verschl\u00fcsselung, so kann der Messenger-Anbieter nicht auf den Nachrichteninhalt zugreifen. Jedoch hat der Messenger-Dienstleister u.U. Zugriff auf die Information, dass eine Kommunikation stattgefunden hat und welches Ger\u00e4t genutzt wurde. Diese Daten werden aber durch den Messenger-Anbieter verarbeitet, lesen Sie hierzu dessen Datenschutzerkl\u00e4rung.<\/p>\n<p>Die hierbei anfallenden Daten l\u00f6schen wir, nachdem die Speicherung nicht mehr erforderlich ist, oder schr\u00e4nken die Verarbeitung ein, falls gesetzliche Aufbewahrungspflichten bestehen.<\/p>\n<p>Die Rechtsgrundlage ist Art. 6 Abs. 1 S. 1 lit. b DSGVO.<\/p>\n<p><strong>Rezeptupload<\/strong><br \/>\nAls kompetenter Ansprechpartner in den Bereichen Rehatechnik, Kinderversorgung, Orthop\u00e4dietechnik, Prothetik, Medizintechnik, Homecare und Sanit\u00e4tsfachgesch\u00e4ft bieten wir unseren Kunden ein breites Produktsortiment und Fachwissen von der Orthop\u00e4dietechnik \u00fcber klassische Reha-Versorgungen bis hin zu Sonderanfertigungen und speziellen Gr\u00f6\u00dfen.<\/p>\n<p>Zum Teil erfolgt die Leistungserbringung auf Grundlage einer Verordnung, f\u00fcr welche Sie uns Ihr Rezept in diesem Zusammenhang bereitstellen.<\/p>\n<p>Wir bieten Ihnen die unkomplizierte und effektive Option bei der Kontaktaufnahme mit uns auf unseren digitalen Rezeptupload zur\u00fcckzugreifen. Hierzu stellen wir Ihnen in unserem Kontaktformular die M\u00f6glichkeit bereit Ihr Rezept an uns zu \u00fcbermitteln, in dem Sie dieses \u00fcber das Formular hochladen und mit den als Pflichtfeld markierten Feldern an uns senden.<\/p>\n<p>Bei den Daten handelt es sich insbesondere um Gesundheitsdaten nach Art. 9 DSGVO. In diese Vorab-\u00dcbermittlung m\u00fcssen Sie nach Art. 9 Abs. 2 lit. a DSGVO einwilligen. Die \u00dcbermittlung Ihres Rezeptes auf diesem Weg ist freiwillig, Sie sind daher nicht zu einer digitalen \u00dcbermittlung an uns verpflichtet und k\u00f6nnen dieses auch auf anderem Wege (z.B. postalisch) an uns senden. Diese freiwillige Einwilligung k\u00f6nnen Sie jederzeit mit Wirkung f\u00fcr die Zukunft widerrufen.<\/p>\n<p>F\u00fcr unseren Rezeptupload greifen wir auf die technische L\u00f6sung eines Dienstleisters zur\u00fcck, \u00fcber dessen Service wir unser Formular auf der Website einbinden und verwalten k\u00f6nnen. Mit unserem Dienstleister haben wir f\u00fcr die Verarbeitung personenbezogener Daten einen Vertrag \u00fcber die Auftragsverarbeitung geschlossen.<\/p>\n<p>Im Einzelnen greifen wir f\u00fcr unsere Formulare auf folgenden Dienstleister zur\u00fcck:<\/p>\n<ul>\n<li>Jotform &#8211; Website: <a href=\"https:\/\/www.jotform.com\/\">https:\/\/www.jotform.com\/<\/a> ; Datenschutzhinweise: <a href=\"https:\/\/www.jotform.com\/privacy\/\">https:\/\/www.jotform.com\/privacy\/<\/a><\/li>\n<\/ul>\n<p>Die hierbei anfallenden Daten l\u00f6schen wir, nachdem die Speicherung nicht mehr erforderlich ist, oder schr\u00e4nken die Verarbeitung ein, falls gesetzliche Aufbewahrungspflichten bestehen.<\/p>\n<p>Rechtsgrundlage f\u00fcr die \u00dcbermittlung ist Ihre Einwilligung nach Art. 9 Abs. 2 lit. a DSGVO.<\/p>\n<p><strong>Gesch\u00e4ftsbeziehung<\/strong><br \/>\nF\u00fcr das Zustandekommen wie auch f\u00fcr die Durchf\u00fchrung eines Vertrags \u00fcber die von uns oder von Ihnen angebotenen Leistungen ben\u00f6tigen wir personenbezogene Daten.<\/p>\n<p>Im Rahmen der Anbahnung bzw. der Durchf\u00fchrung des Vertrags m\u00fcssen Sie diejenigen personenbezogenen Daten bereitstellen, die f\u00fcr die Begr\u00fcndung, Durchf\u00fchrung und Beendigung des Vertragsverh\u00e4ltnisses und die Erf\u00fcllung der damit verbundenen vertraglichen Pflichten erforderlich sind. Wir verarbeiten Ihre Daten, um den Vertrag mit Ihnen sowie um bestehende gesetzliche Vorgaben, z.B. handels- oder steuerrechtlicher Natur, zu erf\u00fcllen. Dies kann eine Weitergabe von Daten an Subunternehmer, Zahlungsdienstleister oder Beh\u00f6rden beinhalten.<\/p>\n<p>Wir sind aufgrund handels- und steuerrechtlicher Vorgaben verpflichtet, die Vertragsdaten f\u00fcr acht Jahre zu speichern. Allerdings nehmen wir nach zwei Jahren eine Einschr\u00e4nkung der Verarbeitung vor, d.h. Ihre Daten werden nur zur Einhaltung der gesetzlichen Verpflichtungen eingesetzt.<\/p>\n<p>Die Rechtsgrundlage ist Art. 6 Abs. 1 S. 1 lit. b DSGVO.<\/p>\n<p><strong>Bestandskundenwerbung<\/strong><br \/>\nSollten Sie Kunde bei uns werden, k\u00f6nnen wir Ihre in diesem Zusammenhang erhaltene E-Mail-Adresse nutzen, um Ihnen Werbung f\u00fcr \u00e4hnliche Waren oder Dienstleistungen zukommen zu lassen.<\/p>\n<p>Sie k\u00f6nnen dieser Werbung jederzeit widersprechen, insbesondere indem Sie uns \u00fcber die im Impressum angegebenen Kontaktm\u00f6glichkeiten hier\u00fcber informieren. Auch falls wir Ihnen f\u00fcr einen Zeitraum von zwei Jahren keine Werbung senden, sperren wir Ihre E-Mail-Adresse f\u00fcr die Zusendung von Werbung. F\u00fcr die Speicherung Ihrer E-Mail-Adresse an sich gelten die Ausf\u00fchrungen zu den handels- und steuerrechtlichen Vorgaben im Zusammenhang mit Ihrem Kauf bei uns.<\/p>\n<p>Die Rechtsgrundlage ist Art. 6 Abs. 1 S. 1 lit. f DSGVO i.V.m. \u00a7 7 Abs. 3 UWG, wobei sich unsere berechtigten Interessen aus den vorgenannten Zwecken ergeben.<\/p>\n<p><strong>Bewerbungen<\/strong><br \/>\nFalls wir auf der Suche nach Mitarbeitern sind, ver\u00f6ffentlichen wir Stellenausschreibungen.<\/p>\n<p>Um Ihre Bewerbung bearbeiten zu k\u00f6nnen, ben\u00f6tigen wir bestimmte Daten von Ihnen.<\/p>\n<p>Neben Ihrem Namen und Ihren Kontaktdaten brauchen und verarbeiten wir auch Ihre sonstigen Bewerberdaten, z.B. Ihr Bewerbungsschreiben, Lebenslauf, Zeugnisse oder Gespr\u00e4chsnotizen.<\/p>\n<p>Die im Bewerbungsverfahren anfallenden Daten l\u00f6schen wir, wenn die Daten f\u00fcr den Zweck der Bewerbung nicht mehr gebraucht werden. Dies ist nach einer Frist von h\u00f6chstens sechs Monaten nach Ende des Bewerbungsverfahrens der Fall, sollte eine Anstellung nicht erfolgen. Dies gilt nicht, sofern gesetzliche Bestimmungen einer L\u00f6schung entgegenstehen, die Daten zum Zwecke der Beweisf\u00fchrung erforderlich sind oder Sie einer l\u00e4ngeren Speicherdauer ausdr\u00fccklich zugestimmt haben.<\/p>\n<p>Falls wir Sie um Einwilligung bitten, z.B. in die l\u00e4ngere Speicherung Ihrer Daten, ist die Rechtsgrundlage Art. 6 Abs. 1 S. 1 lit. a DSGVO, \u00a7 26 Abs. 2 BDSG. Ansonsten ist die Rechtsgrundlage Art. 6 Abs. 1 S. 1 lit. b DSGVO, \u00a7 26 BDSG.<\/p>\n<p><strong>Dienste von Drittanbietern<\/strong><br \/>\nWir setzen Dienste von Drittanbietern ein, um unsere Angebote zu optimieren.<\/p>\n<p>Wenn Sie ein Angebot aufrufen, das einen solchen Dienst enth\u00e4lt, wird u.U. eine direkte Verbindung mit den Servern des Drittanbieters aufgebaut. Der Drittanbieter erh\u00e4lt daher die Information, dass Sie bzw. Ihre IP-Adresse die entsprechende Seite unseres Angebotes aufgerufen haben.<\/p>\n<p>Falls Sie beim Anbieter des Dienstes eingeloggt sind, kann der Drittanbieter Ihren Besuch unseres Angebots Ihrem Konto zuordnen. Wenn Sie mit den Diensten interagieren, zum Beispiel einen Button bet\u00e4tigen, wird dies von Ihrem Endger\u00e4t direkt an den Drittanbieter \u00fcbermittelt. Wenn Sie nicht m\u00f6chten, dass ein Drittanbieter, bei dem Sie ein Konto unterhalten, \u00fcber unser Angebote Daten \u00fcber Sie erfasst, m\u00fcssen Sie sich vor Ihrem Besuch unserer Angebote bei dem jeweiligen Konto ausloggen.<\/p>\n<p>Teils kommen Verfahren zur Identifikation und Wiedererkennung zum Einsatz, die auf Ihrem Endger\u00e4t gespeichert und\/oder aus automatisch \u00fcbertragenen Informationen Ihres Endger\u00e4ts erzeugt werden. Dies k\u00f6nnen z.B. Cookies oder Fingerprint-Verfahren sein. Soweit erforderlich bieten wir Ihnen ein Tool, mit dem Sie den Einsatz derartiger Verfahren steuern k\u00f6nnen.<\/p>\n<p>Zweck und Umfang der Erhebung und Nutzung Ihrer Daten sowie Ihre diesbez\u00fcglichen Rechte und Einstellungsm\u00f6glichkeiten zum Schutz Ihrer Privatsph\u00e4re durch den Drittanbieter entnehmen Sie bitte auch den Datenschutzhinweisen des jeweiligen Drittanbieters.<\/p>\n<p>Eingebettete Dienste:<\/p>\n<p>Wir betten Dienste von Drittanbietern ein, um unsere Angebote durch zus\u00e4tzliche Dienste informativer f\u00fcr Sie zu gestalten.<br \/>\nIm Einzelnen betten wir Dienste von folgenden Anbietern auf unserer Website ein:<\/p>\n<ul>\n<li>OpenStreetMap &#8211; Website: <a href=\"https:\/\/www.openstreetmap.de\/\">https:\/\/www.openstreetmap.de\/<\/a> ; Datenschutzhinweise: <a href=\"https:\/\/wiki.osmfoundation.org\/wiki\/Privacy_Policy\">https:\/\/wiki.osmfoundation.org\/wiki\/Privacy_Policy<\/a><\/li>\n<li>Jotform &#8211; Website: <a href=\"https:\/\/www.jotform.com\/\">https:\/\/www.jotform.com\/<\/a> ; Datenschutzhinweise: <a href=\"https:\/\/www.jotform.com\/privacy\/\">https:\/\/www.jotform.com\/privacy\/ <\/a><\/li>\n<\/ul>\n<p>Analysedienste:<\/p>\n<p>Wir setzen Analyse-Dienste ein, um das Nutzerverhalten der Besucher unserer Angebote zu erfassen, statistisch auszuwerten und mithilfe der gewonnenen Erkenntnisse unsere Angebote zu verbessern und f\u00fcr Sie als Nutzer interessanter auszugestalten.<br \/>\nIm Einzelnen setzen wir die folgenden Analyse-Werkzeuge auf unserer Website ein:<\/p>\n<ul>\n<li>Keine Dienste im Einsatz<\/li>\n<\/ul>\n<p>Werbedienste:<\/p>\n<p>Wir setzen Werbedienste bzw. Dienste zur Erfolgsmessung ein, um Ihnen passende Werbung anhand Ihrer potenziellen Interessen zu zeigen sowie um die Effektivit\u00e4t unserer Werbung zu messen. Hierbei wird Ihr Nutzungsverhalten bei Besuch unserer oder dem Besuch anderer Angebote ausgewertet und\/oder Werbung anhand anderer beim Werbedienst vorhandener Daten auf Sie zugeschnitten.<\/p>\n<p>Wir selbst erheben und verarbeiten hierbei keine Daten. Wir erhalten vom Werbedienst lediglich statistische Auswertungen zur Verf\u00fcgung gestellt. Anhand dieser Auswertungen k\u00f6nnen wir erkennen, welche der eingesetzten Werbema\u00dfnahmen besonders effektiv sind und Optimierungen vornehmen.<\/p>\n<p>Im Einzelnen setzen wir die folgenden Werbedienste bzw. Dienste zur Erfolgsmessung auf unserer Website ein:<\/p>\n<ul>\n<li>Keine Dienste im Einsatz<\/li>\n<\/ul>\n<p>Falls wir Sie um Einwilligung f\u00fcr die Nutzung der Dienste bitten, ist die Rechtsgrundlage Art. 6 Abs. 1 S. 1 lit. a DSGVO. Ansonsten ist die Rechtsgrundlage Art. 6 Abs. 1 S. 1 lit. f DSGVO, wobei sich unsere berechtigten Interessen aus den vorgenannten Zwecken ergeben.<\/p>\n<p><strong>Dienstleister<\/strong><br \/>\nSoweit wir Dienstleister einsetzen, die im Rahmen einer sog. Auftragsverarbeitung nach Art. 28 DSGVO f\u00fcr uns t\u00e4tig werden, haben wir mit diesen einen entsprechenden Vertrag geschlossen.<\/p>\n<p>Soweit wir Dienstleister in sog. Drittl\u00e4nder au\u00dferhalb der Europ\u00e4ischen Union bzw. des Europ\u00e4ischen Wirtschaftsraums einsetzen, lassen wir Ihre Daten nur in Drittl\u00e4ndern mit einem durch die EU-Kommission gepr\u00fcften Datenschutzniveau, auf Grundlage besonderer Garantien, wie z.B. vertraglicher Verpflichtung durch sog. Standardschutzklauseln der EU-Kommission, verarbeiten.<\/p>\n<p>N\u00e4here Informationen stellen wir Ihnen auf Anfrage gern bereit.<\/p>\n<p><strong>Auftritte in sozialen Medien<\/strong><br \/>\nWir betreiben Auftritte in sozialen Medien, um mit unseren Kunden, Interessenten und Nutzern zu kommunizieren und \u00fcber unsere Leistungen zu informieren. In der Regel werden Cookies auf den Rechnern der Nutzer gespeichert. Bei Cookies handelt es sich um kleine Textdateien, die auf der Festplatte dem verwendeten Browser zugeordnet gespeichert werden und durch welche der Stelle, die das Cookie setzt (hier durch das soziale Netzwerk), bestimmte Informationen zuflie\u00dfen.<\/p>\n<p>Die Cookies erm\u00f6glichen die Erstellung von Statistiken \u00fcber die Nutzung eines Auftritts in den sozialen Netzwerken. Die Verarbeitung kann unabh\u00e4ngig davon stattfinden, ob Sie ein Profil bei dem sozialen Netzwerk haben und bei Ihrem Besuch in diesem eingeloggt sind. Ferner werden die Daten der Nutzer regelm\u00e4\u00dfig auch f\u00fcr Werbezwecke genutzt, indem Nutzungsprofile (insbesondere der angemeldeten Nutzer) \u00fcber das Nutzungsverhalten erstellt und f\u00fcr die Schaltung von passenden Werbeanzeigen genutzt werden. Das soziale Netzwerk kann au\u00dferdem den Besuch unseres Auftritts zu Ihrem Profil zuordnen. Bezogen auf unsere Beitr\u00e4ge oder den Besuch unseres Auftritts, k\u00f6nnen wir Statistiken (insb. demographisch und geographisch) \u00fcber die Nutzung in anonymisierter Form einsehen. Soweit erforderlich bietet Ihnen das soziale Netzwerk ein Tool oder Einstellungsm\u00f6glichkeiten, mit dem Sie den Einsatz derartiger Verfahren steuern k\u00f6nnen.<\/p>\n<p>Die Rechtsgrundlage f\u00fcr den Betrieb unseres Auftritts in sozialen Medien ist Art. 6 Abs. 1 S. 1 lit. f DSGVO. Unser berechtigtes Interesse ist die umfassende und optimierte Information der Nutzer. Wir weisen darauf hin, dass nur das jeweilige soziale Netzwerk vollen Zugriff auf die gesamten Daten hat und daher ein effektiver Auskunftsanspruch direkt beim sozialen Netzwerk gestellt werden sollte.<\/p>\n<p>Vereinbarung \u00fcber die gemeinsame Verantwortlichkeit:<\/p>\n<p>Das soziale Netzwerk stellt uns u.U. Informationen \u00fcber das Verhalten von Besuchern auf unserem Auftritt bereit, dies erfolgt lediglich in Form von Statistiken. Die gewonnenen Erkenntnisse helfen uns unsere Angebote zu verbessern und f\u00fcr Sie als Besucher interessanter zu gestalten. Wir haben hierzu mit dem sozialen Netzwerk einen Vertrag \u00fcber die gemeinsame Verantwortlichkeit geschlossen, im Zusammenhang mit der Erhebung von Daten unserer Besucher.<\/p>\n<p>Im Einzelnen haben wir mit folgenden sozialen Netzwerken eine Vereinbarung geschlossen:<\/p>\n<ul>\n<li>Meta-Produkte &#8211; Website: <a href=\"https:\/\/www.facebook.com\/help\/1561485474074139\">https:\/\/www.facebook.com\/help\/1561485474074139<\/a> ; Information \u00fcber die gemeinsame Verantwortlichkeit: <a href=\"https:\/\/legal.linkedin.com\/pages-joint-controller-addendum\">https:\/\/www.facebook.com\/legal\/terms\/information_about_page_insights_data<\/a> ; Datenschutzhinweise: <a href=\"https:\/\/www.facebook.com\/about\/privacy\">https:\/\/www.facebook.com\/about\/privacy<\/a><\/li>\n<li>LinkedIn &#8211; Website: <a href=\"https:\/\/de.linkedin.com\/\">https:\/\/de.linkedin.com\/<\/a> ; Information \u00fcber die gemeinsame Verantwortlichkeit: <a href=\"https:\/\/legal.linkedin.com\/pages-joint-controller-addendum\">https:\/\/legal.linkedin.com\/pages-joint-controller-addendum<\/a> ; Datenschutzhinweise: <a href=\"https:\/\/www.linkedin.com\/legal\/privacy-policy\">https:\/\/www.linkedin.com\/legal\/privacy-policy<\/a><\/li>\n<\/ul>\n<p>Informationen unter anderem zu Art, Umfang und Zweck der Verarbeitung sowie der Wahrnehmung Ihrer Rechte finden Sie in den bereitgestellten Informationen.<\/p>\n<p><strong>Ihre Rechte<\/strong><br \/>\nSie haben gegen\u00fcber uns folgende Rechte hinsichtlich der Sie betreffenden Daten:<\/p>\n<ul>\n<li>Recht auf Auskunft<\/li>\n<li>Recht auf Berichtigung oder L\u00f6schung<\/li>\n<li>Recht auf Einschr\u00e4nkung der Verarbeitung<\/li>\n<li>Recht auf Widerspruch gegen die Verarbeitung<\/li>\n<li>Recht auf Daten\u00fcbertragbarkeit<\/li>\n<li>Recht auf Beschwerde bei einer Datenschutz-Aufsichtsbeh\u00f6rde<\/li>\n<\/ul>\n<p>Falls Sie uns eine Einwilligung zur Verarbeitung Ihrer Daten erteilt haben, k\u00f6nnen Sie diese jederzeit mit Wirkung f\u00fcr die Zukunft widerrufen.<\/p>\n<p><strong>Sie k\u00f6nnen Direktwerbung jederzeit widersprechen. Falls Ihre besondere Situation dies erfordert, k\u00f6nnen Sie jederzeit auch Verarbeitungen aufgrund von Art. 6 Abs. 1 S. 1 lit. f DSGVO widersprechen.<\/strong><\/p>\n<\/div>\n<\/div>\n<\/div>\n<\/div>\n<\/div>\n<\/div>\n<\/div><\/section><\/div>\n","protected":false},"excerpt":{"rendered":"","protected":false},"author":1,"featured_media":0,"parent":0,"menu_order":0,"comment_status":"closed","ping_status":"closed","template":"","meta":{"footnotes":""},"class_list":["post-770","page","type-page","status-publish","hentry"],"_links":{"self":[{"href":"https:\/\/www.assmann-kiel.de\/index.php\/wp-json\/wp\/v2\/pages\/770","targetHints":{"allow":["GET"]}}],"collection":[{"href":"https:\/\/www.assmann-kiel.de\/index.php\/wp-json\/wp\/v2\/pages"}],"about":[{"href":"https:\/\/www.assmann-kiel.de\/index.php\/wp-json\/wp\/v2\/types\/page"}],"author":[{"embeddable":true,"href":"https:\/\/www.assmann-kiel.de\/index.php\/wp-json\/wp\/v2\/users\/1"}],"replies":[{"embeddable":true,"href":"https:\/\/www.assmann-kiel.de\/index.php\/wp-json\/wp\/v2\/comments?post=770"}],"version-history":[{"count":3,"href":"https:\/\/www.assmann-kiel.de\/index.php\/wp-json\/wp\/v2\/pages\/770\/revisions"}],"predecessor-version":[{"id":879,"href":"https:\/\/www.assmann-kiel.de\/index.php\/wp-json\/wp\/v2\/pages\/770\/revisions\/879"}],"wp:attachment":[{"href":"https:\/\/www.assmann-kiel.de\/index.php\/wp-json\/wp\/v2\/media?parent=770"}],"curies":[{"name":"wp","href":"https:\/\/api.w.org\/{rel}","templated":true}]}}