{"id":710,"date":"2024-10-28T08:30:31","date_gmt":"2024-10-28T07:30:31","guid":{"rendered":"http:\/\/assmann.it-nms.de\/?page_id=710"},"modified":"2026-04-27T11:32:29","modified_gmt":"2026-04-27T09:32:29","slug":"karriere","status":"publish","type":"page","link":"https:\/\/www.assmann-kiel.de\/index.php\/karriere\/","title":{"rendered":"Karriere"},"content":{"rendered":"\n<style type=\"text\/css\" data-created_by=\"avia_inline_auto\" id=\"style-css-av-ihfsm-7cb0a061e8afdaa0aab2ca0417f8a668\">\n#top .flex_column.av-ihfsm-7cb0a061e8afdaa0aab2ca0417f8a668{\nmargin-top:0px;\nmargin-bottom:0;\n}\n.responsive #top #wrap_all .flex_column.av-ihfsm-7cb0a061e8afdaa0aab2ca0417f8a668{\nmargin-top:0px;\nmargin-bottom:0;\n}\n<\/style>\n<div class='flex_column av-ihfsm-7cb0a061e8afdaa0aab2ca0417f8a668 av_one_full  avia-builder-el-0  el_before_av_one_full  avia-builder-el-first  first flex_column_div '     ><style type=\"text\/css\" data-created_by=\"avia_inline_auto\" id=\"style-css-av-m2sp4fi3-bad74f6c27d01c8c30e5371e11f96df2\">\n#top .av-special-heading.av-m2sp4fi3-bad74f6c27d01c8c30e5371e11f96df2{\npadding-bottom:50px;\n}\nbody .av-special-heading.av-m2sp4fi3-bad74f6c27d01c8c30e5371e11f96df2 .av-special-heading-tag .heading-char{\nfont-size:25px;\n}\n.av-special-heading.av-m2sp4fi3-bad74f6c27d01c8c30e5371e11f96df2 .special-heading-inner-border{\nborder-color:#0070e8;\n}\n.av-special-heading.av-m2sp4fi3-bad74f6c27d01c8c30e5371e11f96df2 .av-subheading{\nfont-size:15px;\n}\nbody .av-special-heading.av-m2sp4fi3-bad74f6c27d01c8c30e5371e11f96df2 .av-special-heading-tag .heading-wrap:before{\nborder-color:#0070e8;\n}\nbody .av-special-heading.av-m2sp4fi3-bad74f6c27d01c8c30e5371e11f96df2 .av-special-heading-tag .heading-wrap:after{\nborder-color:#0070e8;\n}\n<\/style>\n<div  class='av-special-heading av-m2sp4fi3-bad74f6c27d01c8c30e5371e11f96df2 av-special-heading-h2 custom-color-heading blockquote elegant-quote elegant-centered  avia-builder-el-1  avia-builder-el-no-sibling '><h2 class='av-special-heading-tag'  itemprop=\"headline\"  ><span class=\"heading-wrap\">Karriere<\/span><\/h2><div class=\"special-heading-border\"><div class=\"special-heading-inner-border\"><\/div><\/div><\/div><\/div>\n<div class='flex_column av-d5kdy-295e61c311c2ceb0fd0340d1153d3977 av_one_full  avia-builder-el-2  el_after_av_one_full  el_before_av_hr  first flex_column_div column-top-margin'     ><section  class='av_textblock_section av-m2sp84km-0be0cbc95de90a7b60c4d173d6ca3ca5'  itemscope=\"itemscope\" itemtype=\"https:\/\/schema.org\/CreativeWork\" ><div class='avia_textblock'  itemprop=\"text\" ><p class=\"container-description\">Wir sind ein f\u00fchrendes Sanit\u00e4tsfachgesch\u00e4ft im Norden Deutschlands mit Filialen in Kiel, Hamburg und Bremen. Wir versorgen den Norden mit Dienstleistungen im Bereich der Kinderversorgung sowie Reha-, Medizin und Orthop\u00e4dietechnik.<\/p>\n<p>Wir freuen uns immer \u00fcber\u00a0<strong>Initiativbewerbungen<\/strong>\u00a0<strong>von Bewerber\/innen (m\/w\/d) mit Fachwissen aus dem Gesundheitswesen oder erweiterten Branchenkenntnissen<\/strong>. Ihr Know-how und Ihre Erfahrung sind f\u00fcr uns von gro\u00dfem Wert und k\u00f6nnen dazu beitragen, unser Team zu bereichern und unsere Ziele zu erreichen. Bitte z\u00f6gern Sie nicht, uns Ihre Bewerbungsunterlagen zukommen zu lassen \u2013 wir freuen uns darauf, mehr \u00fcber Sie zu erfahren.<\/p>\n<\/div><\/section><\/div>\n<div  class='hr av-1rujgm-6292edc0836c2e9cf3031ceae5501487 hr-default  avia-builder-el-4  el_after_av_one_full  el_before_av_hr '><span class='hr-inner '><span class=\"hr-inner-style\"><\/span><\/span><\/div>\n<div  class='hr av-yqveu-4e216554c1883dbce96efebb0266438e hr-default  avia-builder-el-5  el_after_av_hr  el_before_av_two_third '><span class='hr-inner '><span class=\"hr-inner-style\"><\/span><\/span><\/div>\n<div class='flex_column av-t9j8u-af438aafe71d493336f18d584502e2fc av_two_third  avia-builder-el-6  el_after_av_hr  el_before_av_one_third  first flex_column_div '     ><section  class='av_textblock_section av-iiidi-2d0b23b2555f7000c1291dc0bbbd0c7f'  itemscope=\"itemscope\" itemtype=\"https:\/\/schema.org\/CreativeWork\" ><div class='avia_textblock'  itemprop=\"text\" ><p>Wir suchen f\u00fcr unseren Standort Bremen zum n\u00e4chstm\u00f6glichen Termin eine\/n<\/p>\n<h3><strong>Anwendungsberatung &amp; Patientenbetreuung im Home Care (m\/w\/d)<\/strong><\/h3>\n<p><strong><u>Wir bieten:<\/u><\/strong><\/p>\n<ul>\n<li>angenehme Arbeitsatmosph\u00e4re<\/li>\n<li>Zusammenarbeit auf Augenh\u00f6he<\/li>\n<li>strukturierte Arbeitsabl\u00e4ufe<\/li>\n<li>umfangreiche Einarbeitung<\/li>\n<li>Schulungen und Weiterbildungen<\/li>\n<li>Bike-Leasing<\/li>\n<li>Deutschlandticket als Jobticket<\/li>\n<li>betriebliche Altersvorsorge<\/li>\n<li>Betriebsarzt<\/li>\n<li>attraktive Mitarbeiterangebote<\/li>\n<li>Firmenparkplatz<\/li>\n<li>Mitarbeiter-Events<\/li>\n<li>Firmenfahrzeug mit Privatnutzung<\/li>\n<li>IT-Ausstattung<\/li>\n<\/ul>\n<p><strong><u>Ihre Aufgaben:<\/u><\/strong><\/p>\n<ul>\n<li>Betreuung &amp; Koordinierung des Versorgungsprozess der Patienten<\/li>\n<li>Patienten\u00fcberleitung von der station\u00e4ren zur ambulanten Versorgung<\/li>\n<li>Arbeiten im Au\u00dfendienst- selbst\u00e4ndig und eigenverantwortlich- in einem festen Team<\/li>\n<li>Indikation: moderne Wundversorgung, Enterale Ern\u00e4hrung, Stoma Therapie sowie Kompressionstherapie<\/li>\n<\/ul>\n<p><strong><u>Ihr Profil:<\/u><\/strong><\/p>\n<ul>\n<li>Examinierte Pflegefachkraft<\/li>\n<li>Erfahrung im Bereich Homecare Therapien<\/li>\n<li>F\u00fchrerschein Klasse B<\/li>\n<li>Organisationstalent<\/li>\n<li>Kundenberatung und -betreuung sowie -gewinnung<\/li>\n<\/ul>\n<\/div><\/section><\/div>\n<div class='flex_column av-1dz5q-3a94cbdbbed6ce51daaa40de4b4783db av_one_third  avia-builder-el-8  el_after_av_two_third  el_before_av_hr  flex_column_div '     ><section  class='av_textblock_section av-a2mk6-a04268126b2e8724fdad0f507a4c2fe1'  itemscope=\"itemscope\" itemtype=\"https:\/\/schema.org\/CreativeWork\" ><div class='avia_textblock'  itemprop=\"text\" ><p>Assmann GmbH<\/p>\n<p>Florian Ohl<\/p>\n<p>Edisonstr. 46<\/p>\n<p>24145 Kiel<\/p>\n<p><a href=\"mailto:ohl@assmann-kiel.de\">ohl@assmann-kiel.de<\/a><\/p>\n<\/div><\/section><\/div>\n<div  class='hr av-1g9py-56d03a4880ee7fb7d8cc089d9202d20a hr-default  avia-builder-el-10  el_after_av_one_third  el_before_av_two_third '><span class='hr-inner '><span class=\"hr-inner-style\"><\/span><\/span><\/div>\n<div class='flex_column av-79aeu-8f328ed0fea65031982977cb7f108643 av_two_third  avia-builder-el-11  el_after_av_hr  el_before_av_one_third  first flex_column_div '     ><section  class='av_textblock_section av-md8kjwcn-f2c3f43b9e5f48b337c487afff51f0df'  itemscope=\"itemscope\" itemtype=\"https:\/\/schema.org\/CreativeWork\" ><div class='avia_textblock'  itemprop=\"text\" ><p>Wir suchen f\u00fcr unseren Standort Kiel zum n\u00e4chstm\u00f6glichen Termin eine\/n<\/p>\n<h3><strong>Sachbearbeiter\/in im Reha-Innendienst (m\/w\/d)<\/strong><\/h3>\n<p><strong><u>Wir bieten:<\/u><\/strong><\/p>\n<ul>\n<li>angenehme Arbeitsatmosph\u00e4re<\/li>\n<li>Zusammenarbeit auf Augenh\u00f6he<\/li>\n<li>strukturierte Arbeitsabl\u00e4ufe<\/li>\n<li>umfangreiche Einarbeitung<\/li>\n<li>Schulungen und Weiterbildungen<\/li>\n<li>Gleitzeit<\/li>\n<li>Bike-Leasing<\/li>\n<li>Deutschlandticket als Jobticket<\/li>\n<li>betriebliche Altersvorsorge<\/li>\n<li>Betriebsarzt<\/li>\n<li>attraktive Mitarbeiterangebote<\/li>\n<li>Firmenparkplatz<\/li>\n<li>Mitarbeiter-Events<\/li>\n<li>Die M\u00f6glichkeit Ihren Hund mit ins B\u00fcro zu nehmen<\/li>\n<\/ul>\n<p><strong><u>Ihre Aufgaben:<\/u><\/strong><\/p>\n<ul>\n<li>Sie \u00fcbernehmen die kaufm\u00e4nnische Verwaltung und Organisation f\u00fcr den Fachbereich Rehabilitationshilfsmittel<\/li>\n<li>telefonische Beratung und Betreuung unserer Kunden und die Zusammenarbeit mit den Krankenkassen geh\u00f6ren zu Ihrem t\u00e4glichen Gesch\u00e4ft<\/li>\n<li>Sie \u00fcbernehmen administrative Aufgaben wie Erstellung von Angeboten und Rechnungen<\/li>\n<li>Abrechnung nach \u00a7302 SGB V<\/li>\n<\/ul>\n<p><strong><u>Ihr Profil:<\/u><\/strong><\/p>\n<ul>\n<li>Sie konnten nach Ihrer kaufm. Ausbildung erste Berufserfahrungen im Umgang mit Kunden sammeln. Alternativ k\u00f6nnen sie vergleichbare Qualifikationen aufweisen. Auch Arzthelfer\/in oder med. Fachangestellte\/r sind f\u00fcr die Position gut geeignet<\/li>\n<li>Sie sind teamf\u00e4hig, telefonieren gerne und strahlen mit Empathie und guten Umgangsformen<\/li>\n<li>Dienstleistungsbereitschaft und Kundenorientierung sind f\u00fcr Sie selbstverst\u00e4ndlich und Sie sind es gewohnt selbstst\u00e4ndig und eigenverantwortlich zu arbeiten.<\/li>\n<li>Sie sind es gewohnt mit ERP-Systemen und verschiedenen Internet-Portalen\/Plattformen zu arbeiten.<\/li>\n<li>Sie werden f\u00fcr Ihre offene und l\u00f6sungsorientierte Kommunikation gesch\u00e4tzt und vermitteln Freude bei dem was Sie tun.<\/li>\n<\/ul>\n<\/div><\/section><\/div>\n<div class='flex_column av-yknna-a24ea68cad9299bddc0be040b73f2c3a av_one_third  avia-builder-el-13  el_after_av_two_third  el_before_av_hr  flex_column_div '     ><section  class='av_textblock_section av-s1q32-1e811b709f8b730b69193b63c86ca1a7'  itemscope=\"itemscope\" itemtype=\"https:\/\/schema.org\/CreativeWork\" ><div class='avia_textblock'  itemprop=\"text\" ><p>Assmann GmbH<\/p>\n<p>Florian Ohl<\/p>\n<p>Edisonstr. 46<\/p>\n<p>24145 Kiel<\/p>\n<p><a href=\"mailto:ohl@assmann-kiel.de\">ohl@assmann-kiel.de<\/a><\/p>\n<\/div><\/section><\/div>\n<div  class='hr av-mwzme-232d2eccc3a4adb6c9216d32ff19f366 hr-default  avia-builder-el-15  el_after_av_one_third  el_before_av_two_third '><span class='hr-inner '><span class=\"hr-inner-style\"><\/span><\/span><\/div>\n<div class='flex_column av-qml1a-a8cf21f86adcb172e146dc7bcff4024f av_two_third  avia-builder-el-16  el_after_av_hr  el_before_av_one_third  first flex_column_div '     ><section  class='av_textblock_section av-mob90e8p-aae2dab73573cb5b7602b6fbbd8c0d1c'  itemscope=\"itemscope\" itemtype=\"https:\/\/schema.org\/CreativeWork\" ><div class='avia_textblock'  itemprop=\"text\" ><p>Wir suchen f\u00fcr unseren Standort Kiel zum n\u00e4chstm\u00f6glichen Termin eine\/n<\/p>\n<h3><strong>Sachbearbeiter\/in in der Abrechnungsabteilung (m\/w\/d)<\/strong><\/h3>\n<p><strong><u>Wir bieten:<\/u><\/strong><\/p>\n<ul>\n<li>angenehme Arbeitsatmosph\u00e4re<\/li>\n<li>Zusammenarbeit auf Augenh\u00f6he<\/li>\n<li>strukturierte Arbeitsabl\u00e4ufe<\/li>\n<li>umfangreiche Einarbeitung<\/li>\n<li>Schulungen und Weiterbildungen<\/li>\n<li>Gleitzeit<\/li>\n<li>Bike-Leasing<\/li>\n<li>Deutschlandticket als Jobticket<\/li>\n<li>betriebliche Altersvorsorge<\/li>\n<li>Betriebsarzt<\/li>\n<li>attraktive Mitarbeiterangebote<\/li>\n<li>Firmenparkplatz<\/li>\n<li>Mitarbeiter-Events<\/li>\n<li>Die M\u00f6glichkeit Ihren Hund mit ins B\u00fcro zu nehmen<\/li>\n<\/ul>\n<p><strong><u>Ihre Aufgaben:<\/u><\/strong><\/p>\n<ul>\n<li>Abrechnung mit Krankenkassen nach \u00a7300 und \u00a7302 sowie Privatpatienten, Unfallkassen, Berufsgenossenschaften und sonstigen Kostentr\u00e4gern<\/li>\n<li>Sie pr\u00fcfen Rezepte und Auftr\u00e4ge auf Vollst\u00e4ndigkeit und Richtigkeit<\/li>\n<li>Sie stehen in Kontakt mit Kostentr\u00e4gern und unserer Abrechnungsstelle zur Kl\u00e4rung von R\u00fcckfragen<\/li>\n<li>Sie stehen im Austausch mit unseren Niederlassungen und dem Innendienst, um eine reibungslose Abrechnung sicherzustellen<\/li>\n<li>Sie bearbeiten und kl\u00e4ren Absetzungen der Krankenkassen<\/li>\n<\/ul>\n<p><strong><u>Ihr Profil:<\/u><\/strong><\/p>\n<ul>\n<li>Sie verf\u00fcgen eine kaufm. Ausbildung und haben idealerweise Erfahrungen im Gesundheitswesen oder Abrechnung. Alternativ k\u00f6nnen Sie vergleichbare Qualifikationen aufweisen.<\/li>\n<li>Sie sind teamf\u00e4hig, engagiert und detailorientiert<\/li>\n<li>Sie werden f\u00fcr Ihre offene und l\u00f6sungsorientierte Kommunikation gesch\u00e4tzt und vermitteln Freude bei dem was Sie tun.<\/li>\n<li>Sie sind es gewohnt mit ERP-Systemen und verschiedenen Internet-Portalen\/Plattformen zu arbeiten.<\/li>\n<\/ul>\n<\/div><\/section><\/div>\n<div class='flex_column av-kw6ha-54d1b2736c00ede79480a50ca49e750f av_one_third  avia-builder-el-18  el_after_av_two_third  el_before_av_hr  flex_column_div '     ><section  class='av_textblock_section av-gk1c6-b19d6ce539780de32b64a68a580dc625'  itemscope=\"itemscope\" itemtype=\"https:\/\/schema.org\/CreativeWork\" ><div class='avia_textblock'  itemprop=\"text\" ><p>Assmann GmbH<\/p>\n<p>Florian Ohl<\/p>\n<p>Edisonstr. 46<\/p>\n<p>24145 Kiel<\/p>\n<p><a href=\"mailto:ohl@assmann-kiel.de\">ohl@assmann-kiel.de<\/a><\/p>\n<\/div><\/section><\/div>\n<div  class='hr av-bofku-63839907e66c5130ba78165669789f63 hr-default  avia-builder-el-20  el_after_av_one_third  el_before_av_two_third '><span class='hr-inner '><span class=\"hr-inner-style\"><\/span><\/span><\/div>\n<div class='flex_column av-gok5a-4c563f3824cda8ea15065c32c5ee9264 av_two_third  avia-builder-el-21  el_after_av_hr  el_before_av_one_third  first flex_column_div '     ><section  class='av_textblock_section av-blzm6-2f9a2e080d68de53d1a515adf9ce59bc'  itemscope=\"itemscope\" itemtype=\"https:\/\/schema.org\/CreativeWork\" ><div class='avia_textblock'  itemprop=\"text\" ><p>Wir suchen f\u00fcr unseren Standort Kiel zum n\u00e4chstm\u00f6glichen Termin eine\/n<\/p>\n<h3><strong>Orthop\u00e4dietechniker\/in (m\/w\/d)<\/strong><\/h3>\n<p>f\u00fcr unsere Fachabteilung Orthop\u00e4dietechnik-Werkstatt \/ Sanit\u00e4tshaus. Unser Sortiment umfasst die Warenbereiche Prothesen, Orthesen, Bandagen und orth. Einlagen<\/p>\n<p><strong><u>Wir bieten:<\/u><\/strong><\/p>\n<ul>\n<li>38 Stundenwoche Vollzeit<\/li>\n<li>angenehme Arbeitsatmosph\u00e4re<\/li>\n<li>Zusammenarbeit auf Augenh\u00f6he<\/li>\n<li>strukturierte Arbeitsabl\u00e4ufe<\/li>\n<li>umfangreiche Einarbeitung<\/li>\n<li>Schulungen und Weiterbildungen<\/li>\n<li>Gleitzeit<\/li>\n<li>Bike-Leasing<\/li>\n<li>Deutschlandticket als Jobticket<\/li>\n<li>betriebliche Altersvorsorge<\/li>\n<li>Betriebsarzt<\/li>\n<li>attraktive Mitarbeiterangebote<\/li>\n<li>Firmenparkplatz<\/li>\n<li>Mitarbeiter-Events<\/li>\n<\/ul>\n<p><strong><u>Ihre Aufgaben:<\/u><\/strong><\/p>\n<ul>\n<li>Sie beraten unsere Kunden zu oben genannten Hilfsmitteln haupts\u00e4chlich im Ladengesch\u00e4ft aber auch vereinzelt im h\u00e4uslichen Umfeld und in Einrichtungen<\/li>\n<li>Mit-anfertigung von orthop\u00e4dischen Hilfsmitteln Prothetik und Orthetik<\/li>\n<li>Sie f\u00fchren die Einweisung und Anprobe mit den Kunden durch<\/li>\n<li>Sie Erfassen die Auftr\u00e4ge in der EDV und die Vor- und Nachbereitung dieser geh\u00f6rt ebenfalls zu ihren Aufgaben<\/li>\n<\/ul>\n<p><strong><u>Ihr Profil:<\/u><\/strong><\/p>\n<ul>\n<li>Sie sind gelernte\/r Orthop\u00e4dietechniker\/in (m\/w\/d) oder Quereinsteiger mit Berufserfahrung<\/li>\n<li>Berufserfahrung ist von Vorteil<\/li>\n<li>F\u00fchrerschein Klasse B<\/li>\n<li>Sie arbeiten gerne mit Menschen, beraten und verkaufen gerne<\/li>\n<li>Dienstleistungsbereitschaft und Kundenorientierung sind f\u00fcr Sie selbstverst\u00e4ndlich<\/li>\n<li>Sie arbeiten gerne im Team<\/li>\n<li>Sie haben ein hohes Ma\u00df an Verantwortungsbewusstsein<\/li>\n<li>Kommunikationsfreude und Motivation begleiten Sie t\u00e4glich<\/li>\n<\/ul>\n<\/div><\/section><\/div>\n<div class='flex_column av-owqye-d1f3e79d7595211181302dcb2f8bd8de av_one_third  avia-builder-el-23  el_after_av_two_third  el_before_av_hr  flex_column_div '     ><section  class='av_textblock_section av-iucau-1d7ef785499b56a3f9497470f5bce4e6'  itemscope=\"itemscope\" itemtype=\"https:\/\/schema.org\/CreativeWork\" ><div class='avia_textblock'  itemprop=\"text\" ><p>Assmann GmbH<\/p>\n<p>Florian Ohl<\/p>\n<p>Edisonstr. 46<\/p>\n<p>24145 Kiel<\/p>\n<p><a href=\"mailto:ohl@assmann-kiel.de\">ohl@assmann-kiel.de<\/a><\/p>\n<\/div><\/section><\/div>\n<div  class='hr av-eqyqu-26ad100336cb54c85cb415e0dce6c02c hr-default  avia-builder-el-25  el_after_av_one_third  el_before_av_two_third '><span class='hr-inner '><span class=\"hr-inner-style\"><\/span><\/span><\/div>\n<div class='flex_column av-32i66-b7d653ff582b39d5e260c311316fc33b av_two_third  avia-builder-el-26  el_after_av_hr  el_before_av_one_third  first flex_column_div '     ><section  class='av_textblock_section av-swtom-e59e6a1c725cf07ad9846cd5b366e507'  itemscope=\"itemscope\" itemtype=\"https:\/\/schema.org\/CreativeWork\" ><div class='avia_textblock'  itemprop=\"text\" ><p>Wir suchen f\u00fcr unseren Standort Kiel zum n\u00e4chstm\u00f6glichen Termin eine\/n<\/p>\n<h3><strong>Telefonische\/r Kundenbetreuer\/in (m\/w\/d) (Telefonist\/in)<\/strong><\/h3>\n<p><strong><u>Wir bieten:<\/u><\/strong><\/p>\n<ul>\n<li>angenehme Arbeitsatmosph\u00e4re<\/li>\n<li>Zusammenarbeit auf Augenh\u00f6he<\/li>\n<li>strukturierte Arbeitsabl\u00e4ufe<\/li>\n<li>umfangreiche Einarbeitung<\/li>\n<li>Schulungen und Weiterbildungen<\/li>\n<li>Gleitzeit<\/li>\n<li>Bike-Leasing<\/li>\n<li>Deutschlandticket als Jobticket<\/li>\n<li>betriebliche Altersvorsorge<\/li>\n<li>Betriebsarzt<\/li>\n<li>attraktive Mitarbeiterangebote<\/li>\n<li>Firmenparkplatz<\/li>\n<li>Mitarbeiter-Events<\/li>\n<li>Die M\u00f6glichkeit Ihren Hund mit ins B\u00fcro zu nehmen<\/li>\n<\/ul>\n<p><strong><u>Ihre Aufgaben:<\/u><\/strong><\/p>\n<ul>\n<li>Sie \u00fcbernehmen eine zentrale Rolle in unserem Unternehmen und sind die Schnittstelle zwischen unseren Abteilungen und unseren Kunden<\/li>\n<li>Sie sind die erste Anlaufstelle f\u00fcr unsere Kunden, beraten und betreuen diese telefonisch und leiten Telefonate gegebenenfalls weiter<\/li>\n<li>Die Auftragsannahme sowie die Datenerfassung und -pflege geh\u00f6ren zu Ihren t\u00e4glichen Aufgaben<\/li>\n<\/ul>\n<p><strong><u>Ihr Profil:<\/u><\/strong><\/p>\n<ul>\n<li>Sie konnten nach Ihrer kaufm. Ausbildung erste Berufserfahrungen im Umgang mit Kunden sammeln. Alternativ k\u00f6nnen sie vergleichbare Qualifikationen aufweisen.<\/li>\n<li>Sie sind teamf\u00e4hig, telefonieren gerne und strahlen mit Empathie und guten Umgangsformen<\/li>\n<li>Dienstleistungsbereitschaft und Kundenorientierung sind f\u00fcr Sie selbstverst\u00e4ndlich und Sie sind es gewohnt selbstst\u00e4ndig und eigenverantwortlich zu arbeiten.<\/li>\n<li>Sie sind es gewohnt mit ERP-Systemen und verschiedenen Internet-Portalen\/Plattformen zu arbeiten.<\/li>\n<\/ul>\n<\/div><\/section><\/div>\n<div class='flex_column av-ewa3q-e134ed0aef704194d6290d9fc663326c av_one_third  avia-builder-el-28  el_after_av_two_third  el_before_av_hr  flex_column_div '     ><section  class='av_textblock_section av-6ogeu-fd34f32d89b63a37de8f6b24423e0824'  itemscope=\"itemscope\" itemtype=\"https:\/\/schema.org\/CreativeWork\" ><div class='avia_textblock'  itemprop=\"text\" ><p>Assmann GmbH<\/p>\n<p>Florian Ohl<\/p>\n<p>Edisonstr. 46<\/p>\n<p>24145 Kiel<\/p>\n<p><a href=\"mailto:ohl@assmann-kiel.de\">ohl@assmann-kiel.de<\/a><\/p>\n<\/div><\/section><\/div>\n<div  class='hr av-l6g2u-50d8d7db32f68f0e7a4db120b4b49db5 hr-default  avia-builder-el-30  el_after_av_one_third  el_before_av_two_third '><span class='hr-inner '><span class=\"hr-inner-style\"><\/span><\/span><\/div>\n<div class='flex_column av-av_two_third-7714eba142aeda1f8b5272a3c372b279 av_two_third  avia-builder-el-31  el_after_av_hr  el_before_av_one_third  first flex_column_div '     ><section  class='av_textblock_section av-av_textblock-7a1af7d8f9790576b1769c0a9f0449ed'  itemscope=\"itemscope\" itemtype=\"https:\/\/schema.org\/CreativeWork\" ><div class='avia_textblock'  itemprop=\"text\" ><p>Wir suchen f\u00fcr unseren Standort Kiel zum n\u00e4chstm\u00f6glichen Termin eine\/n<\/p>\n<h3><strong>Werkstattmitarbeiter\/in im Au\u00dfendienst (m\/w\/d)<\/strong><\/h3>\n<p><strong><u>Wir bieten:<\/u><\/strong><\/p>\n<ul>\n<li>Angenehme Arbeitsatmosph\u00e4re<\/li>\n<li>Dienstfahrzeug<\/li>\n<li>Zusammenarbeit auf Augenh\u00f6he<\/li>\n<li>strukturierte Arbeitsabl\u00e4ufe<\/li>\n<li>umfangreiche Einarbeitung<\/li>\n<li>Schulungen und Weiterbildungen<\/li>\n<li>Gleitzeit<\/li>\n<li>Bike-Leasing<\/li>\n<li>SH Jobticket<\/li>\n<li>betriebliche Altersvorsorge<\/li>\n<li>Betriebsarzt<\/li>\n<li>attraktive Mitarbeiterangebote<\/li>\n<li>Firmenparkplatz<\/li>\n<li>Mitarbeiter-Events<\/li>\n<\/ul>\n<p><strong><u>Ihre Aufgaben:<\/u><\/strong><\/p>\n<ul>\n<li>Reparaturen an Reha Hilfsmitteln wie z.B. Rollst\u00fchlen, Elektrorollst\u00fchlen.<\/li>\n<li>Montage von elektrischen Zusatzantrieben an Rollst\u00fchlen<\/li>\n<li>Sonderbau von Sitzschalen nach K\u00f6rperformabdruck<\/li>\n<li>Lieferung, Einweisung und Reparatur von Sitzschalen und Spezialversorgungen<\/li>\n<li>Sie erfassen die Auftr\u00e4ge in der EDV und die Vor- und Nachbereitung dieser geh\u00f6rt ebenfalls zu ihren Aufgaben<\/li>\n<li>Eigenst\u00e4ndige Tages- und Tourenplanung<\/li>\n<\/ul>\n<p><strong><u>Ihr Profil:<\/u><\/strong><\/p>\n<ul>\n<li>Sie haben ein gutes, technisches Verst\u00e4ndnis und handwerkliches Geschick.<\/li>\n<li>Sie sind gelernter Orthop\u00e4dietechniker oder haben vergleichbare Qualifikationen<\/li>\n<li>W\u00fcnschenswert sind Kenntnisse aus der Orthop\u00e4die- und oder Rehatechnikbranche<\/li>\n<li>Sie arbeiten gerne mit Menschen, beraten und verkaufen gerne<\/li>\n<li>Dienstleistungsbereitschaft und Kundenorientierung sind f\u00fcr Sie selbstverst\u00e4ndlich<\/li>\n<li>Sie arbeiten gerne im Team, lernen gerne auch noch immer dazu<\/li>\n<li>Sie haben ein hohes Ma\u00df an Verantwortungsbewusstsein<\/li>\n<li>Kommunikationsfreude und Motivation begleiten Sie t\u00e4glich<\/li>\n<\/ul>\n<\/div><\/section><\/div>\n<div class='flex_column av-g3u06-e17dc63d24a59d98ef9eb65b21b1b763 av_one_third  avia-builder-el-33  el_after_av_two_third  el_before_av_hr  flex_column_div '     ><section  class='av_textblock_section av-a1wbq-c746efd1528c40f48f0a16062c6f047f'  itemscope=\"itemscope\" itemtype=\"https:\/\/schema.org\/CreativeWork\" ><div class='avia_textblock'  itemprop=\"text\" ><p>Assmann GmbH<\/p>\n<p>Florian Ohl<\/p>\n<p>Edisonstr. 46<\/p>\n<p>24145 Kiel<\/p>\n<p><a href=\"mailto:ohl@assmann-kiel.de\">ohl@assmann-kiel.de<\/a><\/p>\n<\/div><\/section><\/div>\n<div  class='hr av-av_hr-91d7ccd583a503147498e120fee2ff9b hr-default  avia-builder-el-35  el_after_av_one_third  el_before_av_two_third '><span class='hr-inner '><span class=\"hr-inner-style\"><\/span><\/span><\/div>\n<div class='flex_column av-jvw5i-fce9b967a3aed6dfbb5de185c1a99427 av_two_third  avia-builder-el-36  el_after_av_hr  el_before_av_one_third  first flex_column_div '     ><section  class='av_textblock_section av-ml4tfgw2-f3e2eb852aebeb6f14279b6a0164eba0'  itemscope=\"itemscope\" itemtype=\"https:\/\/schema.org\/CreativeWork\" ><div class='avia_textblock'  itemprop=\"text\" ><p>Wir suchen f\u00fcr unseren Standort Hamburg zum n\u00e4chstm\u00f6glichen Termin eine\/n<\/p>\n<h3><strong>Rehabilitationsmitteltechniker\/in im Au\u00dfendienst (m\/w\/d)<\/strong><\/h3>\n<p><strong><u>Wir bieten:<\/u><\/strong><\/p>\n<ul>\n<li>angenehme Arbeitsatmosph\u00e4re<\/li>\n<li>Zusammenarbeit auf Augenh\u00f6he<\/li>\n<li>strukturierte Arbeitsabl\u00e4ufe<\/li>\n<li>umfangreiche Einarbeitung<\/li>\n<li>Schulungen und Weiterbildungen<\/li>\n<li>Bike-Leasing<\/li>\n<li>Deutschlandticket als Jobticket<\/li>\n<li>betriebliche Altersvorsorge<\/li>\n<li>Betriebsarzt<\/li>\n<li>attraktive Mitarbeiterangebote<\/li>\n<li>Firmenparkplatz<\/li>\n<li>Mitarbeiter-Events<\/li>\n<li>Firmenfahrzeug mit Privatnutzung<\/li>\n<li>IT-Ausstattung<\/li>\n<\/ul>\n<p><strong><u>Ihre Aufgaben:<\/u><\/strong><\/p>\n<ul>\n<li>Sie beraten unsere Kunden in deren heimischen Umfeld<\/li>\n<li>Lieferung, Einweisung und Reparatur von Hilfsmitteln vor Ort<\/li>\n<li>Eigenst\u00e4ndige Tages- und Tourenplanung<\/li>\n<li>Nach erfolgreicher Einarbeitung erhalten Sie Ihr festes Gebiet innerhalb von Hamburg<\/li>\n<\/ul>\n<p><strong><u>Ihr Profil:<\/u><\/strong><\/p>\n<ul>\n<li>Sie haben ein gutes, technisches Verst\u00e4ndnis und handwerkliches Geschick.<\/li>\n<li>Kenntnisse und Schulungen im Bereich der Rehabilitationshilfsmittel w\u00e4ren w\u00fcnschenswert<\/li>\n<li>Dienstleistungsbereitschaft und Kundenorientierung sind f\u00fcr Sie selbstverst\u00e4ndlich<\/li>\n<li>Sie sind es gewohnt selbstst\u00e4ndig und eigenverantwortlich zu arbeiten und bringen Verantwortungsbewusstsein mit<\/li>\n<li>Kommunikationsfreue und Motivation begleiten Sie t\u00e4glich<\/li>\n<li>F\u00fchrerschein der Klasse B ist Voraussetzung<\/li>\n<\/ul>\n<\/div><\/section><\/div><div class='flex_column av-av_one_third-f1c518e9ff58e869f80c8f093487abc9 av_one_third  avia-builder-el-38  el_after_av_two_third  avia-builder-el-last  flex_column_div '     ><section  class='av_textblock_section av-av_textblock-7a1af7d8f9790576b1769c0a9f0449ed'  itemscope=\"itemscope\" itemtype=\"https:\/\/schema.org\/CreativeWork\" ><div class='avia_textblock'  itemprop=\"text\" ><p>Assmann GmbH<\/p>\n<p>Florian Ohl<\/p>\n<p>Edisonstr. 46<\/p>\n<p>24145 Kiel<\/p>\n<p><a href=\"mailto:ohl@assmann-kiel.de\">ohl@assmann-kiel.de<\/a><\/p>\n<\/div><\/section><\/div><\/p>\n","protected":false},"excerpt":{"rendered":"","protected":false},"author":1,"featured_media":0,"parent":0,"menu_order":0,"comment_status":"closed","ping_status":"closed","template":"","meta":{"footnotes":""},"class_list":["post-710","page","type-page","status-publish","hentry"],"_links":{"self":[{"href":"https:\/\/www.assmann-kiel.de\/index.php\/wp-json\/wp\/v2\/pages\/710","targetHints":{"allow":["GET"]}}],"collection":[{"href":"https:\/\/www.assmann-kiel.de\/index.php\/wp-json\/wp\/v2\/pages"}],"about":[{"href":"https:\/\/www.assmann-kiel.de\/index.php\/wp-json\/wp\/v2\/types\/page"}],"author":[{"embeddable":true,"href":"https:\/\/www.assmann-kiel.de\/index.php\/wp-json\/wp\/v2\/users\/1"}],"replies":[{"embeddable":true,"href":"https:\/\/www.assmann-kiel.de\/index.php\/wp-json\/wp\/v2\/comments?post=710"}],"version-history":[{"count":23,"href":"https:\/\/www.assmann-kiel.de\/index.php\/wp-json\/wp\/v2\/pages\/710\/revisions"}],"predecessor-version":[{"id":919,"href":"https:\/\/www.assmann-kiel.de\/index.php\/wp-json\/wp\/v2\/pages\/710\/revisions\/919"}],"wp:attachment":[{"href":"https:\/\/www.assmann-kiel.de\/index.php\/wp-json\/wp\/v2\/media?parent=710"}],"curies":[{"name":"wp","href":"https:\/\/api.w.org\/{rel}","templated":true}]}}