{"id":409,"date":"2022-11-15T13:13:15","date_gmt":"2022-11-15T12:13:15","guid":{"rendered":"http:\/\/assmann.it-nms.de\/?page_id=409"},"modified":"2026-03-23T14:56:12","modified_gmt":"2026-03-23T13:56:12","slug":"409-2","status":"publish","type":"page","link":"https:\/\/www.assmann-kiel.de\/index.php\/409-2\/","title":{"rendered":"Die Assmann GmbH"},"content":{"rendered":"\n<style type=\"text\/css\" data-created_by=\"avia_inline_auto\" id=\"style-css-av-h7exd-98a8534f167ae34d19111734bf561d7c\">\n#top .flex_column.av-h7exd-98a8534f167ae34d19111734bf561d7c{\nmargin-top:0px;\nmargin-bottom:100px;\n}\n.responsive #top #wrap_all .flex_column.av-h7exd-98a8534f167ae34d19111734bf561d7c{\nmargin-top:0px;\nmargin-bottom:100px;\n}\n<\/style>\n<div class='flex_column av-h7exd-98a8534f167ae34d19111734bf561d7c av_one_full  avia-builder-el-0  el_before_av_one_full  avia-builder-el-first  first flex_column_div '     ><p>\n<style type=\"text\/css\" data-created_by=\"avia_inline_auto\" id=\"style-css-av-lai73u7g-96f845c86ca415258d142ea3bd5fe0c4\">\n#top .av-special-heading.av-lai73u7g-96f845c86ca415258d142ea3bd5fe0c4{\npadding-bottom:50px;\n}\nbody .av-special-heading.av-lai73u7g-96f845c86ca415258d142ea3bd5fe0c4 .av-special-heading-tag .heading-char{\nfont-size:25px;\n}\n.av-special-heading.av-lai73u7g-96f845c86ca415258d142ea3bd5fe0c4 .special-heading-inner-border{\nborder-color:#0070e8;\n}\n.av-special-heading.av-lai73u7g-96f845c86ca415258d142ea3bd5fe0c4 .av-subheading{\nfont-size:15px;\n}\nbody .av-special-heading.av-lai73u7g-96f845c86ca415258d142ea3bd5fe0c4 .av-special-heading-tag .heading-wrap:before{\nborder-color:#0070e8;\n}\nbody .av-special-heading.av-lai73u7g-96f845c86ca415258d142ea3bd5fe0c4 .av-special-heading-tag .heading-wrap:after{\nborder-color:#0070e8;\n}\n<\/style>\n<div  class='av-special-heading av-lai73u7g-96f845c86ca415258d142ea3bd5fe0c4 av-special-heading-h2 custom-color-heading blockquote elegant-quote elegant-centered  avia-builder-el-1  el_before_av_textblock  avia-builder-el-first '><h2 class='av-special-heading-tag'  itemprop=\"headline\"  ><span class=\"heading-wrap\">Kompetenz trifft Familienunternehmen &#8211; die Assmann GmbH<\/span><\/h2><div class=\"special-heading-border\"><div class=\"special-heading-inner-border\"><\/div><\/div><\/div><br \/>\n\n<style type=\"text\/css\" data-created_by=\"avia_inline_auto\" id=\"style-css-av-lai6bu2m-ea72e363bd71e08dbd9e8b2309e0cc36\">\n#top .av_textblock_section.av-lai6bu2m-ea72e363bd71e08dbd9e8b2309e0cc36 .avia_textblock{\nfont-size:16px;\n}\n<\/style>\n<section  class='av_textblock_section av-lai6bu2m-ea72e363bd71e08dbd9e8b2309e0cc36'  itemscope=\"itemscope\" itemtype=\"https:\/\/schema.org\/CreativeWork\" ><div class='avia_textblock'  itemprop=\"text\" ><p>Seit der Gr\u00fcndung durch Johannes Assmann im Jahr 1868 in Kiel steht unser Unternehmen f\u00fcr eine fachgerechte Versorgung aus einer Hand. Diese Grundidee pr\u00e4gt unser Handeln bis heute. Als kompetenter Ansprechpartner in den Bereichen Rehatechnik, Kinderversorgung, Orthop\u00e4dietechnik, Prothetik, Medizintechnik, Homecare und Sanit\u00e4tsfachgesch\u00e4ft in Norddeutschland blicken wir auf \u00fcber 150 Jahre Erfahrung und Tradition zur\u00fcck.<\/p>\n<p>Unsere langj\u00e4hrige Geschichte spiegelt sich nicht nur in unserer Fachkompetenz wider, sondern auch in unserem Verst\u00e4ndnis f\u00fcr die individuellen Bed\u00fcrfnisse unserer Kunden. Unser qualifiziertes Team steht Ihnen zur Seite, um gemeinsam die bestm\u00f6gliche Versorgung f\u00fcr Ihre Gesundheit zu gew\u00e4hrleisten. Vertrauen Sie auf die Tradition, Erfahrung und das Engagement von Assmann \u2013 Ihr zuverl\u00e4ssiger Partner f\u00fcr eine umfassende und ma\u00dfgeschneiderte Versorgung.<\/p>\n<\/div><\/section><\/p><\/div>\n\n<style type=\"text\/css\" data-created_by=\"avia_inline_auto\" id=\"style-css-av-lai6wa8f-79063d1d0bb24f1109979029ca83cf7a\">\n#top .flex_column.av-lai6wa8f-79063d1d0bb24f1109979029ca83cf7a{\nmargin-top:0px;\nmargin-bottom:100px;\n}\n.responsive #top #wrap_all .flex_column.av-lai6wa8f-79063d1d0bb24f1109979029ca83cf7a{\nmargin-top:0px;\nmargin-bottom:100px;\n}\n<\/style>\n<div class='flex_column av-lai6wa8f-79063d1d0bb24f1109979029ca83cf7a av_one_full  avia-builder-el-3  el_after_av_one_full  el_before_av_one_full  first flex_column_div column-top-margin'     ><p>\n<style type=\"text\/css\" data-created_by=\"avia_inline_auto\" id=\"style-css-av-lai74oht-1d929206fe37d5de9279fd68c02ad1ad\">\n#top .av-special-heading.av-lai74oht-1d929206fe37d5de9279fd68c02ad1ad{\npadding-bottom:50px;\n}\nbody .av-special-heading.av-lai74oht-1d929206fe37d5de9279fd68c02ad1ad .av-special-heading-tag .heading-char{\nfont-size:25px;\n}\n.av-special-heading.av-lai74oht-1d929206fe37d5de9279fd68c02ad1ad .special-heading-inner-border{\nborder-color:#0070e8;\n}\n.av-special-heading.av-lai74oht-1d929206fe37d5de9279fd68c02ad1ad .av-subheading{\nfont-size:15px;\n}\nbody .av-special-heading.av-lai74oht-1d929206fe37d5de9279fd68c02ad1ad .av-special-heading-tag .heading-wrap:before{\nborder-color:#0070e8;\n}\nbody .av-special-heading.av-lai74oht-1d929206fe37d5de9279fd68c02ad1ad .av-special-heading-tag .heading-wrap:after{\nborder-color:#0070e8;\n}\n<\/style>\n<div  class='av-special-heading av-lai74oht-1d929206fe37d5de9279fd68c02ad1ad av-special-heading-h2 custom-color-heading blockquote elegant-quote elegant-centered  avia-builder-el-4  el_before_av_content_slider  avia-builder-el-first '><h2 class='av-special-heading-tag'  itemprop=\"headline\"  ><span class=\"heading-wrap\">\u00fcber 150 Jahre Assmann<\/span><\/h2><div class=\"special-heading-border\"><div class=\"special-heading-inner-border\"><\/div><\/div><\/div><br \/>\n<div  class='avia-content-slider-element-container av-m2sov9gf-1224a1a2eca289ed2a626e77423072be avia-content-slider-element-slider avia-content-slider avia-smallarrow-slider avia-content-slider-active avia-content-slider-odd  avia-builder-el-5  el_after_av_heading  avia-builder-el-last  av-slideshow-ui av-control-default av-nav-arrows-visible av-nav-dots-visible av-no-slider-navigation av-slideshow-autoplay av-loop-endless av-loop-manual-endless avia-content-slider1' data-slideshow-options=\"{&quot;animation&quot;:&quot;slide&quot;,&quot;autoplay&quot;:true,&quot;loop_autoplay&quot;:&quot;endless&quot;,&quot;interval&quot;:5,&quot;loop_manual&quot;:&quot;manual-endless&quot;,&quot;autoplay_stopper&quot;:false,&quot;noNavigation&quot;:false,&quot;bg_slider&quot;:false,&quot;keep_padding&quot;:&quot;&quot;,&quot;hoverpause&quot;:false,&quot;show_slide_delay&quot;:30}\"><div class='avia-smallarrow-slider-heading  no-content-slider-heading '><div class='new-special-heading'>&nbsp;<\/div><div class='avia-slideshow-arrows avia-slideshow-controls' ><a href='#prev' class='prev-slide ' aria-hidden='true' data-av_icon='\ue87c' data-av_iconfont='entypo-fontello'  tabindex='-1'>Zur\u00fcck<\/a><a href='#next' class='next-slide ' aria-hidden='true' data-av_icon='\ue87d' data-av_iconfont='entypo-fontello'  tabindex='-1'>Weiter<\/a><\/div><\/div><div class=\"avia-content-slider-inner\"><div class=\"slide-entry-wrap\"><section class='slide-entry av-m2souvz8-1671c95b1b25def089252e1c3af32d37 flex_column av_fullwidth post-entry slide-entry-overview slide-loop-1 slide-parity-odd  first'  itemscope=\"itemscope\" itemtype=\"https:\/\/schema.org\/CreativeWork\" ><div class='slide-entry-excerpt entry-content'  itemprop=\"text\" ><h4 style=\"text-align: center;\">Johannes Assmann gr\u00fcndet 1868 das Unternehmen und etablierte es in der D\u00e4nischen Stra\u00dfe in der Kieler Innenstadt.<\/h4>\n<\/div><\/section><\/div><div class=\"slide-entry-wrap\"><section class='slide-entry av-m2sov4wb-52ab9ad0fd553b98a2595d87caa5dfa2 flex_column av_fullwidth post-entry slide-entry-overview slide-loop-2 slide-parity-odd  first'  itemscope=\"itemscope\" itemtype=\"https:\/\/schema.org\/CreativeWork\" ><div class='slide-entry-excerpt entry-content'  itemprop=\"text\" ><h4 style=\"text-align: center;\">Nach stetiger Expansion wird das Gesch\u00e4ftshaus 1944 durch Kriegseinwirkungen vollst\u00e4ndig zerst\u00f6rt. In der zweiten Generation f\u00fchren Paul Meinecke-Assmann und seine Frau Martha Steffen das Unternehmen weiter und k\u00f6nnen 1950 das Gesch\u00e4ft in der Hof-Apotheke am Alten Markt 11 wieder er\u00f6ffnen.<\/h4>\n<\/div><\/section><\/div><div class=\"slide-entry-wrap\"><section class='slide-entry av-m2sow5nd-79d81661d9b8b1ed94fa358105950528 flex_column av_fullwidth post-entry slide-entry-overview slide-loop-3 slide-parity-odd  first'  itemscope=\"itemscope\" itemtype=\"https:\/\/schema.org\/CreativeWork\" ><div class='slide-entry-excerpt entry-content'  itemprop=\"text\" ><h4 style=\"text-align: center;\"><span style=\"color: black; mso-ligatures: none; mso-fareast-language: DE;\">1973 \u00fcbernimmt Peter Steffen-Kruse in der dritten Generation die Gesch\u00e4ftsf\u00fchrung und erweitert das Filialnetz in Kiel.<br \/>\n<\/span><\/h4>\n<\/div><\/section><\/div><div class=\"slide-entry-wrap\"><section class='slide-entry av-m2sowjlz-0cef7fab8aade02f1f6a913a02eb3a89 flex_column av_fullwidth post-entry slide-entry-overview slide-loop-4 slide-parity-odd  first'  itemscope=\"itemscope\" itemtype=\"https:\/\/schema.org\/CreativeWork\" ><div class='slide-entry-excerpt entry-content'  itemprop=\"text\" ><h4 style=\"text-align: center;\"><span style=\"color: black; mso-ligatures: none; mso-fareast-language: DE;\">Im Jahr 2003 tritt Christina Thomsen, Tochter von Peter Steffen-Kruse, in die Gesch\u00e4ftsleitung ein, und 2009 wird Horst Sauerwein als weiterer Gesch\u00e4ftsf\u00fchrer hinzugewonnen.<br \/>\n<\/span><\/h4>\n<\/div><\/section><\/div><div class=\"slide-entry-wrap\"><section class='slide-entry av-m2sowug2-b81ff6bf2df323878b21c44300ff2908 flex_column av_fullwidth post-entry slide-entry-overview slide-loop-5 slide-parity-odd  first'  itemscope=\"itemscope\" itemtype=\"https:\/\/schema.org\/CreativeWork\" ><div class='slide-entry-excerpt entry-content'  itemprop=\"text\" ><h4 style=\"text-align: center;\"><span style=\"color: black; mso-ligatures: none; mso-fareast-language: DE;\">Mit weiteren Filialer\u00f6ffnungen in Hamburg und Bremen, dem Umzug in die Edisonstra\u00dfe 2018 und dem Verlassen des Alten Markts nach 68 Jahren ist das Unternehmen mit mehreren Filialen in Norddeutschland vertreten.<\/span><\/h4>\n<\/div><\/section><\/div><div class=\"slide-entry-wrap\"><section class='slide-entry av-mn38yz90-8fbebbba5deb347e5a6ce082b494a4c4 flex_column av_fullwidth post-entry slide-entry-overview slide-loop-6 slide-parity-odd  post-entry-last  first'  itemscope=\"itemscope\" itemtype=\"https:\/\/schema.org\/CreativeWork\" ><div class='slide-entry-excerpt entry-content'  itemprop=\"text\" ><h4 style=\"text-align: center;\">Martin Av\u00e9 und Adrian Sauerwein treten 2025 in die Gesch\u00e4ftsf\u00fchrung ein.<\/h4>\n<\/div><\/section><\/div><\/div><\/div><\/p><\/div><div class='flex_column av-7yj4p-6b62cdaee7f58be54e12cf5f76b1d74d av_one_full  avia-builder-el-6  el_after_av_one_full  avia-builder-el-last  first flex_column_div column-top-margin'     ><p>\n<style type=\"text\/css\" data-created_by=\"avia_inline_auto\" id=\"style-css-av-lai750tq-aaa38f225e9d216794a31cee7c4d2c86\">\n#top .av-special-heading.av-lai750tq-aaa38f225e9d216794a31cee7c4d2c86{\npadding-bottom:50px;\n}\nbody .av-special-heading.av-lai750tq-aaa38f225e9d216794a31cee7c4d2c86 .av-special-heading-tag .heading-char{\nfont-size:25px;\n}\n.av-special-heading.av-lai750tq-aaa38f225e9d216794a31cee7c4d2c86 .special-heading-inner-border{\nborder-color:#0070e8;\n}\n.av-special-heading.av-lai750tq-aaa38f225e9d216794a31cee7c4d2c86 .av-subheading{\nfont-size:15px;\n}\nbody .av-special-heading.av-lai750tq-aaa38f225e9d216794a31cee7c4d2c86 .av-special-heading-tag .heading-wrap:before{\nborder-color:#0070e8;\n}\nbody .av-special-heading.av-lai750tq-aaa38f225e9d216794a31cee7c4d2c86 .av-special-heading-tag .heading-wrap:after{\nborder-color:#0070e8;\n}\n<\/style>\n<div  class='av-special-heading av-lai750tq-aaa38f225e9d216794a31cee7c4d2c86 av-special-heading-h2 custom-color-heading blockquote elegant-quote elegant-centered  avia-builder-el-7  el_before_av_textblock  avia-builder-el-first '><h2 class='av-special-heading-tag'  itemprop=\"headline\"  ><span class=\"heading-wrap\">Wir versorgen den Norden<\/span><\/h2><div class=\"special-heading-border\"><div class=\"special-heading-inner-border\"><\/div><\/div><\/div><br \/>\n\n<style type=\"text\/css\" data-created_by=\"avia_inline_auto\" id=\"style-css-av-lai6e024-200ff1dcd171c404f1cdeda029283a1a\">\n#top .av_textblock_section.av-lai6e024-200ff1dcd171c404f1cdeda029283a1a .avia_textblock{\nfont-size:16px;\n}\n<\/style>\n<section  class='av_textblock_section av-lai6e024-200ff1dcd171c404f1cdeda029283a1a'  itemscope=\"itemscope\" itemtype=\"https:\/\/schema.org\/CreativeWork\" ><div class='avia_textblock'  itemprop=\"text\" ><p>Unsere Mitarbeiterinnen und Mitarbeiter zeichnen sich durch Feingef\u00fchl, Kreativit\u00e4t und handwerkliches Geschick aus. Dies erm\u00f6glicht uns eine optimale und ganzheitliche Versorgung, besonders im Bereich der Kinderversorgung in Internaten, Heimen, Kinderzentren oder bei Familien zuhause. Dank unseres breiten Produktsortiments und Fachwissens k\u00f6nnen wir immer die bestm\u00f6gliche L\u00f6sung anbieten \u2013 von der Orthop\u00e4dietechnik \u00fcber klassische Reha-Versorgungen bis hin zu Sonderanfertigungen und speziellen Gr\u00f6\u00dfen. Eine optimale Anpassung der Hilfsmittel sowie eine intensive und pers\u00f6nliche Betreuung sind f\u00fcr uns selbstverst\u00e4ndlich.<\/p>\n<p>Unser wachsender Homecare-Bereich konzentriert sich auf die Versorgung von Patienten mit Wund- und Sauerstofftherapie sowie Trink- oder Sondennahrung. Unsere Sanit\u00e4tsfachgesch\u00e4fte bieten dar\u00fcber hinaus Kompressionstherapie, Epithesenversorgung und sportmedizinische Ausr\u00fcstung sowie saisonale Mode an. Dank unserer gro\u00dfen Reichweite versorgen wir Norddeutschland fl\u00e4chendeckend mit hochwertigen Dienstleistungen.<\/p>\n<p>Unsere Expertise bringen wir aktiv in verschiedene Gesundheits- und Schlaganfallnetzwerke ein, um eine bestm\u00f6gliche Versorgung und Betreuung von Betroffenen sicherzustellen. Dabei arbeiten wir eng mit Betroffenen und deren Angeh\u00f6rigen zusammen, um den Weg zur\u00fcck zur Mobilit\u00e4t und gesellschaftlichen Teilhabe zu unterst\u00fctzen. Dar\u00fcber hinaus bieten wir externen Fachkr\u00e4ften regelm\u00e4\u00dfige Fortbildungen und Schulungen an, um ihr Fachwissen zu vertiefen und neue Perspektiven zu unterschiedlichen Themenbereichen zu entwickeln.<\/p>\n<\/div><\/section><\/p><\/div><\/p>\n","protected":false},"excerpt":{"rendered":"","protected":false},"author":1,"featured_media":0,"parent":0,"menu_order":0,"comment_status":"closed","ping_status":"closed","template":"","meta":{"footnotes":""},"class_list":["post-409","page","type-page","status-publish","hentry"],"_links":{"self":[{"href":"https:\/\/www.assmann-kiel.de\/index.php\/wp-json\/wp\/v2\/pages\/409","targetHints":{"allow":["GET"]}}],"collection":[{"href":"https:\/\/www.assmann-kiel.de\/index.php\/wp-json\/wp\/v2\/pages"}],"about":[{"href":"https:\/\/www.assmann-kiel.de\/index.php\/wp-json\/wp\/v2\/types\/page"}],"author":[{"embeddable":true,"href":"https:\/\/www.assmann-kiel.de\/index.php\/wp-json\/wp\/v2\/users\/1"}],"replies":[{"embeddable":true,"href":"https:\/\/www.assmann-kiel.de\/index.php\/wp-json\/wp\/v2\/comments?post=409"}],"version-history":[{"count":29,"href":"https:\/\/www.assmann-kiel.de\/index.php\/wp-json\/wp\/v2\/pages\/409\/revisions"}],"predecessor-version":[{"id":910,"href":"https:\/\/www.assmann-kiel.de\/index.php\/wp-json\/wp\/v2\/pages\/409\/revisions\/910"}],"wp:attachment":[{"href":"https:\/\/www.assmann-kiel.de\/index.php\/wp-json\/wp\/v2\/media?parent=409"}],"curies":[{"name":"wp","href":"https:\/\/api.w.org\/{rel}","templated":true}]}}