{"id":393,"date":"2022-11-03T08:16:22","date_gmt":"2022-11-03T07:16:22","guid":{"rendered":"http:\/\/assmann.it-nms.de\/?page_id=393"},"modified":"2024-09-23T13:07:21","modified_gmt":"2024-09-23T11:07:21","slug":"medizintechnik","status":"publish","type":"page","link":"https:\/\/www.assmann-kiel.de\/index.php\/medizintechnik\/","title":{"rendered":"Medizintechnik"},"content":{"rendered":"\n<style type=\"text\/css\" data-created_by=\"avia_inline_auto\" id=\"style-css-av-la0qg7g7-32f10e583b16dbbe3356b8358f402a8e\">\n#top .av-special-heading.av-la0qg7g7-32f10e583b16dbbe3356b8358f402a8e{\npadding-bottom:50px;\n}\nbody .av-special-heading.av-la0qg7g7-32f10e583b16dbbe3356b8358f402a8e .av-special-heading-tag .heading-char{\nfont-size:25px;\n}\n.av-special-heading.av-la0qg7g7-32f10e583b16dbbe3356b8358f402a8e .special-heading-inner-border{\nborder-color:#0070e8;\n}\n.av-special-heading.av-la0qg7g7-32f10e583b16dbbe3356b8358f402a8e .av-subheading{\nfont-size:15px;\n}\nbody .av-special-heading.av-la0qg7g7-32f10e583b16dbbe3356b8358f402a8e .av-special-heading-tag .heading-wrap:before{\nborder-color:#0070e8;\n}\nbody .av-special-heading.av-la0qg7g7-32f10e583b16dbbe3356b8358f402a8e .av-special-heading-tag .heading-wrap:after{\nborder-color:#0070e8;\n}\n<\/style>\n<div  class='av-special-heading av-la0qg7g7-32f10e583b16dbbe3356b8358f402a8e av-special-heading-h2 custom-color-heading blockquote elegant-quote elegant-centered  avia-builder-el-0  el_before_av_one_full  avia-builder-el-first '><h2 class='av-special-heading-tag'  itemprop=\"headline\"  ><span class=\"heading-wrap\">Medizintechnik<\/span><\/h2><div class=\"special-heading-border\"><div class=\"special-heading-inner-border\"><\/div><\/div><\/div>\n<div class='flex_column av-11z2t5-e42c24cd994c7274a5ebe7cc2fa88219 av_one_full  avia-builder-el-1  el_after_av_heading  el_before_av_one_third  first flex_column_div '     ><section  class='av_textblock_section av-la0qhxw1-4e8522901ebd14df0dfd54a88392ebed'  itemscope=\"itemscope\" itemtype=\"https:\/\/schema.org\/CreativeWork\" ><div class='avia_textblock'  itemprop=\"text\" ><p>Unsere Therapieger\u00e4te zeichnen sich durch Pr\u00e4zision und Effektivit\u00e4t aus. Dabei decken wir ein breites Spektrum ab, um den individuellen Anforderungen in der medizinischen Versorgung gerecht zu werden. Unser engagiertes Team von Fachexperten steht Ihnen mit fundiertem Fachwissen zur Seite, um gemeinsam die beste L\u00f6sung zu finden.<\/p>\n<\/div><\/section><\/div>\n<div class='flex_column av-wgnah-3b530303c08b849ad882346ffaecfffb av_one_third  avia-builder-el-3  el_after_av_one_full  el_before_av_one_third  first flex_column_div column-top-margin'     ><style type=\"text\/css\" data-created_by=\"avia_inline_auto\" id=\"style-css-av-la0qgrcf-2def8e56a6d911ef16e6830f01c7c34c\">\n.avia-image-container.av-la0qgrcf-2def8e56a6d911ef16e6830f01c7c34c img.avia_image{\nbox-shadow:none;\n}\n.avia-image-container.av-la0qgrcf-2def8e56a6d911ef16e6830f01c7c34c .av-image-caption-overlay-center{\ncolor:#ffffff;\n}\n<\/style>\n<div  class='avia-image-container av-la0qgrcf-2def8e56a6d911ef16e6830f01c7c34c av-styling- av-hover-grow av-hide-overflow avia-align-center  avia-builder-el-4  avia-builder-el-no-sibling '   itemprop=\"image\" itemscope=\"itemscope\" itemtype=\"https:\/\/schema.org\/ImageObject\" ><div class=\"avia-image-container-inner\"><div class=\"avia-image-overlay-wrap\"><a href=\"https:\/\/www.assmann-kiel.de\/index.php\/medizintechnik-absauggeraete\/\" class='avia_image' ><img decoding=\"async\" class='wp-image-503 avia-img-lazy-loading-not-503 avia_image ' src=\"https:\/\/www.assmann-kiel.de\/wp-content\/uploads\/2024\/08\/Absauggeraete-300x169.png\" alt='' title='Absaugger\u00e4te'  height=\"169\" width=\"300\"  itemprop=\"thumbnailUrl\" srcset=\"https:\/\/www.assmann-kiel.de\/wp-content\/uploads\/2024\/08\/Absauggeraete-300x169.png 300w, https:\/\/www.assmann-kiel.de\/wp-content\/uploads\/2024\/08\/Absauggeraete-1030x579.png 1030w, https:\/\/www.assmann-kiel.de\/wp-content\/uploads\/2024\/08\/Absauggeraete-768x432.png 768w, https:\/\/www.assmann-kiel.de\/wp-content\/uploads\/2024\/08\/Absauggeraete-705x397.png 705w, https:\/\/www.assmann-kiel.de\/wp-content\/uploads\/2024\/08\/Absauggeraete.png 1280w\" sizes=\"(max-width: 300px) 100vw, 300px\" \/><\/a><\/div><\/div><\/div><\/div><div class='flex_column av-2q3xt-e682eb2a265e7f2babbb59d41f97285a av_one_third  avia-builder-el-5  el_after_av_one_third  el_before_av_one_third  flex_column_div column-top-margin'     ><style type=\"text\/css\" data-created_by=\"avia_inline_auto\" id=\"style-css-av-la0qh5jk-596a5992f62aec7b129a65db8dd869f4\">\n.avia-image-container.av-la0qh5jk-596a5992f62aec7b129a65db8dd869f4 img.avia_image{\nbox-shadow:none;\n}\n.avia-image-container.av-la0qh5jk-596a5992f62aec7b129a65db8dd869f4 .av-image-caption-overlay-center{\ncolor:#ffffff;\n}\n<\/style>\n<div  class='avia-image-container av-la0qh5jk-596a5992f62aec7b129a65db8dd869f4 av-styling- av-hover-grow av-hide-overflow avia-align-center  avia-builder-el-6  avia-builder-el-no-sibling '   itemprop=\"image\" itemscope=\"itemscope\" itemtype=\"https:\/\/schema.org\/ImageObject\" ><div class=\"avia-image-container-inner\"><div class=\"avia-image-overlay-wrap\"><a href=\"https:\/\/www.assmann-kiel.de\/index.php\/medizintechnik-sauerstoffversorgung\/\" class='avia_image' ><img decoding=\"async\" class='wp-image-505 avia-img-lazy-loading-not-505 avia_image ' src=\"https:\/\/www.assmann-kiel.de\/wp-content\/uploads\/2024\/08\/Sauerstoffversorgung-300x169.png\" alt='' title='Sauerstoffversorgung'  height=\"169\" width=\"300\"  itemprop=\"thumbnailUrl\" srcset=\"https:\/\/www.assmann-kiel.de\/wp-content\/uploads\/2024\/08\/Sauerstoffversorgung-300x169.png 300w, https:\/\/www.assmann-kiel.de\/wp-content\/uploads\/2024\/08\/Sauerstoffversorgung-1030x579.png 1030w, https:\/\/www.assmann-kiel.de\/wp-content\/uploads\/2024\/08\/Sauerstoffversorgung-768x432.png 768w, https:\/\/www.assmann-kiel.de\/wp-content\/uploads\/2024\/08\/Sauerstoffversorgung-705x397.png 705w, https:\/\/www.assmann-kiel.de\/wp-content\/uploads\/2024\/08\/Sauerstoffversorgung.png 1280w\" sizes=\"(max-width: 300px) 100vw, 300px\" \/><\/a><\/div><\/div><\/div><\/div><div class='flex_column av-kl9hl-d30c522de3f37604e4313b733f345fee av_one_third  avia-builder-el-7  el_after_av_one_third  el_before_av_one_full  flex_column_div column-top-margin'     ><style type=\"text\/css\" data-created_by=\"avia_inline_auto\" id=\"style-css-av-la0qhjbz-226a545c5d19e8feeedb81de73bfe7b9\">\n.avia-image-container.av-la0qhjbz-226a545c5d19e8feeedb81de73bfe7b9 img.avia_image{\nbox-shadow:none;\n}\n.avia-image-container.av-la0qhjbz-226a545c5d19e8feeedb81de73bfe7b9 .av-image-caption-overlay-center{\ncolor:#ffffff;\n}\n<\/style>\n<div  class='avia-image-container av-la0qhjbz-226a545c5d19e8feeedb81de73bfe7b9 av-styling- av-hover-grow av-hide-overflow avia-align-center  avia-builder-el-8  avia-builder-el-no-sibling '   itemprop=\"image\" itemscope=\"itemscope\" itemtype=\"https:\/\/schema.org\/ImageObject\" ><div class=\"avia-image-container-inner\"><div class=\"avia-image-overlay-wrap\"><a href=\"https:\/\/www.assmann-kiel.de\/index.php\/medizintechnik-messgeraete\/\" class='avia_image' ><img decoding=\"async\" class='wp-image-504 avia-img-lazy-loading-not-504 avia_image ' src=\"https:\/\/www.assmann-kiel.de\/wp-content\/uploads\/2024\/08\/Messgeraete-300x169.png\" alt='' title='Messger\u00e4te'  height=\"169\" width=\"300\"  itemprop=\"thumbnailUrl\" srcset=\"https:\/\/www.assmann-kiel.de\/wp-content\/uploads\/2024\/08\/Messgeraete-300x169.png 300w, https:\/\/www.assmann-kiel.de\/wp-content\/uploads\/2024\/08\/Messgeraete-1030x579.png 1030w, https:\/\/www.assmann-kiel.de\/wp-content\/uploads\/2024\/08\/Messgeraete-768x432.png 768w, https:\/\/www.assmann-kiel.de\/wp-content\/uploads\/2024\/08\/Messgeraete-705x397.png 705w, https:\/\/www.assmann-kiel.de\/wp-content\/uploads\/2024\/08\/Messgeraete.png 1280w\" sizes=\"(max-width: 300px) 100vw, 300px\" \/><\/a><\/div><\/div><\/div><\/div><div class='flex_column av-1gh6x-fb602517012b9232ec65f125ba873e81 av_one_full  avia-builder-el-9  el_after_av_one_third  avia-builder-el-last  first flex_column_div column-top-margin'     ><style type=\"text\/css\" data-created_by=\"avia_inline_auto\" id=\"style-css-av-12ptl-748d0e47e77a6935e8540ada3e46e9d5\">\n#top .hr.hr-invisible.av-12ptl-748d0e47e77a6935e8540ada3e46e9d5{\nheight:200px;\n}\n<\/style>\n<div  class='hr av-12ptl-748d0e47e77a6935e8540ada3e46e9d5 hr-invisible  avia-builder-el-10  avia-builder-el-no-sibling '><span class='hr-inner '><span class=\"hr-inner-style\"><\/span><\/span><\/div><\/div><\/p>\n","protected":false},"excerpt":{"rendered":"","protected":false},"author":1,"featured_media":0,"parent":0,"menu_order":0,"comment_status":"closed","ping_status":"closed","template":"","meta":{"footnotes":""},"class_list":["post-393","page","type-page","status-publish","hentry"],"_links":{"self":[{"href":"https:\/\/www.assmann-kiel.de\/index.php\/wp-json\/wp\/v2\/pages\/393","targetHints":{"allow":["GET"]}}],"collection":[{"href":"https:\/\/www.assmann-kiel.de\/index.php\/wp-json\/wp\/v2\/pages"}],"about":[{"href":"https:\/\/www.assmann-kiel.de\/index.php\/wp-json\/wp\/v2\/types\/page"}],"author":[{"embeddable":true,"href":"https:\/\/www.assmann-kiel.de\/index.php\/wp-json\/wp\/v2\/users\/1"}],"replies":[{"embeddable":true,"href":"https:\/\/www.assmann-kiel.de\/index.php\/wp-json\/wp\/v2\/comments?post=393"}],"version-history":[{"count":3,"href":"https:\/\/www.assmann-kiel.de\/index.php\/wp-json\/wp\/v2\/pages\/393\/revisions"}],"predecessor-version":[{"id":615,"href":"https:\/\/www.assmann-kiel.de\/index.php\/wp-json\/wp\/v2\/pages\/393\/revisions\/615"}],"wp:attachment":[{"href":"https:\/\/www.assmann-kiel.de\/index.php\/wp-json\/wp\/v2\/media?parent=393"}],"curies":[{"name":"wp","href":"https:\/\/api.w.org\/{rel}","templated":true}]}}