{"id":391,"date":"2022-11-03T08:13:53","date_gmt":"2022-11-03T07:13:53","guid":{"rendered":"http:\/\/assmann.it-nms.de\/?page_id=391"},"modified":"2024-09-23T12:56:25","modified_gmt":"2024-09-23T10:56:25","slug":"homecare","status":"publish","type":"page","link":"https:\/\/www.assmann-kiel.de\/index.php\/homecare\/","title":{"rendered":"Homecare"},"content":{"rendered":"\n<style type=\"text\/css\" data-created_by=\"avia_inline_auto\" id=\"style-css-av-la0qawo4-9f63b2d776be15bfcd2afbbd039d0305\">\n#top .av-special-heading.av-la0qawo4-9f63b2d776be15bfcd2afbbd039d0305{\npadding-bottom:50px;\n}\nbody .av-special-heading.av-la0qawo4-9f63b2d776be15bfcd2afbbd039d0305 .av-special-heading-tag .heading-char{\nfont-size:25px;\n}\n.av-special-heading.av-la0qawo4-9f63b2d776be15bfcd2afbbd039d0305 .special-heading-inner-border{\nborder-color:#0070e8;\n}\n.av-special-heading.av-la0qawo4-9f63b2d776be15bfcd2afbbd039d0305 .av-subheading{\nfont-size:15px;\n}\nbody .av-special-heading.av-la0qawo4-9f63b2d776be15bfcd2afbbd039d0305 .av-special-heading-tag .heading-wrap:before{\nborder-color:#0070e8;\n}\nbody .av-special-heading.av-la0qawo4-9f63b2d776be15bfcd2afbbd039d0305 .av-special-heading-tag .heading-wrap:after{\nborder-color:#0070e8;\n}\n<\/style>\n<div  class='av-special-heading av-la0qawo4-9f63b2d776be15bfcd2afbbd039d0305 av-special-heading-h2 custom-color-heading blockquote elegant-quote elegant-centered  avia-builder-el-0  el_before_av_one_full  avia-builder-el-first '><h2 class='av-special-heading-tag'  itemprop=\"headline\"  ><span class=\"heading-wrap\">Homecare<\/span><\/h2><div class=\"special-heading-border\"><div class=\"special-heading-inner-border\"><\/div><\/div><\/div>\n<div class='flex_column av-1n0wfz-9cafd07a85bb86af62be95dfed3de86f av_one_full  avia-builder-el-1  el_after_av_heading  el_before_av_one_third  first flex_column_div '     ><section  class='av_textblock_section av-la0qbcc4-1ad978a5dee4b5752274bba81d396ea6'  itemscope=\"itemscope\" itemtype=\"https:\/\/schema.org\/CreativeWork\" ><div class='avia_textblock'  itemprop=\"text\" ><p>Unser erfahrenes Team von examinierten Fachkr\u00e4ften steht f\u00fcr eine bed\u00fcrfnisorientierte Rundumversorgung, damit Sie sich sicher und geborgen f\u00fchlen k\u00f6nnen. Dank jahrelanger Expertise verstehen wir die individuellen Herausforderungen und legen h\u00f6chsten Wert auf eine einf\u00fchlsame und fachkundige Betreuung.<\/p>\n<\/div><\/section><\/div>\n<div class='flex_column av-1escin-50d611bccb0bac832168bbaa0e19a520 av_one_third  avia-builder-el-3  el_after_av_one_full  el_before_av_one_third  first flex_column_div column-top-margin'     ><style type=\"text\/css\" data-created_by=\"avia_inline_auto\" id=\"style-css-av-la0qby8x-7333bd67da7ebe67b50d9e87ea7ca68b\">\n.avia-image-container.av-la0qby8x-7333bd67da7ebe67b50d9e87ea7ca68b img.avia_image{\nbox-shadow:none;\n}\n.avia-image-container.av-la0qby8x-7333bd67da7ebe67b50d9e87ea7ca68b .av-image-caption-overlay-center{\ncolor:#ffffff;\n}\n<\/style>\n<div  class='avia-image-container av-la0qby8x-7333bd67da7ebe67b50d9e87ea7ca68b av-styling- av-hover-grow av-hide-overflow avia-align-center  avia-builder-el-4  avia-builder-el-no-sibling '   itemprop=\"image\" itemscope=\"itemscope\" itemtype=\"https:\/\/schema.org\/ImageObject\" ><div class=\"avia-image-container-inner\"><div class=\"avia-image-overlay-wrap\"><a href=\"https:\/\/www.assmann-kiel.de\/index.php\/homecare-ernaehrung\/\" class='avia_image' ><img decoding=\"async\" class='wp-image-495 avia-img-lazy-loading-not-495 avia_image ' src=\"https:\/\/www.assmann-kiel.de\/wp-content\/uploads\/2024\/08\/Ernaehrung-300x169.png\" alt='' title='Ern\u00e4hrung'  height=\"169\" width=\"300\"  itemprop=\"thumbnailUrl\" srcset=\"https:\/\/www.assmann-kiel.de\/wp-content\/uploads\/2024\/08\/Ernaehrung-300x169.png 300w, https:\/\/www.assmann-kiel.de\/wp-content\/uploads\/2024\/08\/Ernaehrung-1030x579.png 1030w, https:\/\/www.assmann-kiel.de\/wp-content\/uploads\/2024\/08\/Ernaehrung-768x432.png 768w, https:\/\/www.assmann-kiel.de\/wp-content\/uploads\/2024\/08\/Ernaehrung-705x397.png 705w, https:\/\/www.assmann-kiel.de\/wp-content\/uploads\/2024\/08\/Ernaehrung.png 1280w\" sizes=\"(max-width: 300px) 100vw, 300px\" \/><\/a><\/div><\/div><\/div><\/div>\n<div class='flex_column av-178ofb-72f8d142e8ea595abf8806eca56403a0 av_one_third  avia-builder-el-5  el_after_av_one_third  el_before_av_one_third  flex_column_div column-top-margin'     ><style type=\"text\/css\" data-created_by=\"avia_inline_auto\" id=\"style-css-av-la0qccy7-aa39ae44aab99b706f686fa84bae7072\">\n.avia-image-container.av-la0qccy7-aa39ae44aab99b706f686fa84bae7072 img.avia_image{\nbox-shadow:none;\n}\n.avia-image-container.av-la0qccy7-aa39ae44aab99b706f686fa84bae7072 .av-image-caption-overlay-center{\ncolor:#ffffff;\n}\n<\/style>\n<div  class='avia-image-container av-la0qccy7-aa39ae44aab99b706f686fa84bae7072 av-styling- av-hover-grow av-hide-overflow avia-align-center  avia-builder-el-6  avia-builder-el-no-sibling '   itemprop=\"image\" itemscope=\"itemscope\" itemtype=\"https:\/\/schema.org\/ImageObject\" ><div class=\"avia-image-container-inner\"><div class=\"avia-image-overlay-wrap\"><a href=\"https:\/\/www.assmann-kiel.de\/index.php\/homecare-tracheostoma\/\" class='avia_image' ><img decoding=\"async\" class='wp-image-498 avia-img-lazy-loading-not-498 avia_image ' src=\"https:\/\/www.assmann-kiel.de\/wp-content\/uploads\/2024\/08\/Tracheostoma-300x169.png\" alt='' title='Tracheostoma'  height=\"169\" width=\"300\"  itemprop=\"thumbnailUrl\" srcset=\"https:\/\/www.assmann-kiel.de\/wp-content\/uploads\/2024\/08\/Tracheostoma-300x169.png 300w, https:\/\/www.assmann-kiel.de\/wp-content\/uploads\/2024\/08\/Tracheostoma-1030x579.png 1030w, https:\/\/www.assmann-kiel.de\/wp-content\/uploads\/2024\/08\/Tracheostoma-768x432.png 768w, https:\/\/www.assmann-kiel.de\/wp-content\/uploads\/2024\/08\/Tracheostoma-705x397.png 705w, https:\/\/www.assmann-kiel.de\/wp-content\/uploads\/2024\/08\/Tracheostoma.png 1280w\" sizes=\"(max-width: 300px) 100vw, 300px\" \/><\/a><\/div><\/div><\/div><\/div><div class='flex_column av-14so7r-bf0572f9a6cbe839a6d18c4e59e53d11 av_one_third  avia-builder-el-7  el_after_av_one_third  el_before_av_one_third  flex_column_div column-top-margin'     ><style type=\"text\/css\" data-created_by=\"avia_inline_auto\" id=\"style-css-av-la0qcq41-8233734a8a9ceb9678d6ab75c5bc5657\">\n.avia-image-container.av-la0qcq41-8233734a8a9ceb9678d6ab75c5bc5657 img.avia_image{\nbox-shadow:none;\n}\n.avia-image-container.av-la0qcq41-8233734a8a9ceb9678d6ab75c5bc5657 .av-image-caption-overlay-center{\ncolor:#ffffff;\n}\n<\/style>\n<div  class='avia-image-container av-la0qcq41-8233734a8a9ceb9678d6ab75c5bc5657 av-styling- av-hover-grow av-hide-overflow avia-align-center  avia-builder-el-8  avia-builder-el-no-sibling '   itemprop=\"image\" itemscope=\"itemscope\" itemtype=\"https:\/\/schema.org\/ImageObject\" ><div class=\"avia-image-container-inner\"><div class=\"avia-image-overlay-wrap\"><a href=\"https:\/\/www.assmann-kiel.de\/index.php\/homecare-inkontinenzhilfen\/\" class='avia_image' ><img decoding=\"async\" class='wp-image-496 avia-img-lazy-loading-not-496 avia_image ' src=\"https:\/\/www.assmann-kiel.de\/wp-content\/uploads\/2024\/08\/Inkontinenzhilfen-300x169.png\" alt='' title='Inkontinenzhilfen'  height=\"169\" width=\"300\"  itemprop=\"thumbnailUrl\" srcset=\"https:\/\/www.assmann-kiel.de\/wp-content\/uploads\/2024\/08\/Inkontinenzhilfen-300x169.png 300w, https:\/\/www.assmann-kiel.de\/wp-content\/uploads\/2024\/08\/Inkontinenzhilfen-1030x579.png 1030w, https:\/\/www.assmann-kiel.de\/wp-content\/uploads\/2024\/08\/Inkontinenzhilfen-768x432.png 768w, https:\/\/www.assmann-kiel.de\/wp-content\/uploads\/2024\/08\/Inkontinenzhilfen-705x397.png 705w, https:\/\/www.assmann-kiel.de\/wp-content\/uploads\/2024\/08\/Inkontinenzhilfen.png 1280w\" sizes=\"(max-width: 300px) 100vw, 300px\" \/><\/a><\/div><\/div><\/div><\/div><\/p>\n<div class='flex_column av-vpman-06506da366433ab48eb727b566ce2bf1 av_one_third  avia-builder-el-9  el_after_av_one_third  el_before_av_one_third  first flex_column_div column-top-margin'     ><style type=\"text\/css\" data-created_by=\"avia_inline_auto\" id=\"style-css-av-la0qd421-7d2dd368fea4cfecb115c44844197076\">\n.avia-image-container.av-la0qd421-7d2dd368fea4cfecb115c44844197076 img.avia_image{\nbox-shadow:none;\n}\n.avia-image-container.av-la0qd421-7d2dd368fea4cfecb115c44844197076 .av-image-caption-overlay-center{\ncolor:#ffffff;\n}\n<\/style>\n<div  class='avia-image-container av-la0qd421-7d2dd368fea4cfecb115c44844197076 av-styling- av-hover-grow av-hide-overflow avia-align-center  avia-builder-el-10  avia-builder-el-no-sibling '   itemprop=\"image\" itemscope=\"itemscope\" itemtype=\"https:\/\/schema.org\/ImageObject\" ><div class=\"avia-image-container-inner\"><div class=\"avia-image-overlay-wrap\"><a href=\"https:\/\/www.assmann-kiel.de\/index.php\/homecare-weitere-stomaarten\/\" class='avia_image' ><img decoding=\"async\" class='wp-image-499 avia-img-lazy-loading-not-499 avia_image ' src=\"https:\/\/www.assmann-kiel.de\/wp-content\/uploads\/2024\/08\/Weitere-Stomaarten-300x169.png\" alt='' title='Weitere Stomaarten'  height=\"169\" width=\"300\"  itemprop=\"thumbnailUrl\" srcset=\"https:\/\/www.assmann-kiel.de\/wp-content\/uploads\/2024\/08\/Weitere-Stomaarten-300x169.png 300w, https:\/\/www.assmann-kiel.de\/wp-content\/uploads\/2024\/08\/Weitere-Stomaarten-1030x579.png 1030w, https:\/\/www.assmann-kiel.de\/wp-content\/uploads\/2024\/08\/Weitere-Stomaarten-768x432.png 768w, https:\/\/www.assmann-kiel.de\/wp-content\/uploads\/2024\/08\/Weitere-Stomaarten-705x397.png 705w, https:\/\/www.assmann-kiel.de\/wp-content\/uploads\/2024\/08\/Weitere-Stomaarten.png 1280w\" sizes=\"(max-width: 300px) 100vw, 300px\" \/><\/a><\/div><\/div><\/div><\/div><div class='flex_column av-2gygn-572dd5867a0835d97cda7eb05b58e273 av_one_third  avia-builder-el-11  el_after_av_one_third  el_before_av_one_third  flex_column_div column-top-margin'     ><style type=\"text\/css\" data-created_by=\"avia_inline_auto\" id=\"style-css-av-la0qdg22-9f7372a8e79ed2ca8e3d7f7783bf24af\">\n.avia-image-container.av-la0qdg22-9f7372a8e79ed2ca8e3d7f7783bf24af img.avia_image{\nbox-shadow:none;\n}\n.avia-image-container.av-la0qdg22-9f7372a8e79ed2ca8e3d7f7783bf24af .av-image-caption-overlay-center{\ncolor:#ffffff;\n}\n<\/style>\n<div  class='avia-image-container av-la0qdg22-9f7372a8e79ed2ca8e3d7f7783bf24af av-styling- av-hover-grow av-hide-overflow avia-align-center  avia-builder-el-12  avia-builder-el-no-sibling '   itemprop=\"image\" itemscope=\"itemscope\" itemtype=\"https:\/\/schema.org\/ImageObject\" ><div class=\"avia-image-container-inner\"><div class=\"avia-image-overlay-wrap\"><a href=\"https:\/\/www.assmann-kiel.de\/index.php\/homecare-pflegepakete\/\" class='avia_image' ><img decoding=\"async\" class='wp-image-497 avia-img-lazy-loading-not-497 avia_image ' src=\"https:\/\/www.assmann-kiel.de\/wp-content\/uploads\/2024\/08\/Pflegepakete-300x169.png\" alt='' title='Pflegepakete'  height=\"169\" width=\"300\"  itemprop=\"thumbnailUrl\" srcset=\"https:\/\/www.assmann-kiel.de\/wp-content\/uploads\/2024\/08\/Pflegepakete-300x169.png 300w, https:\/\/www.assmann-kiel.de\/wp-content\/uploads\/2024\/08\/Pflegepakete-1030x579.png 1030w, https:\/\/www.assmann-kiel.de\/wp-content\/uploads\/2024\/08\/Pflegepakete-768x432.png 768w, https:\/\/www.assmann-kiel.de\/wp-content\/uploads\/2024\/08\/Pflegepakete-705x397.png 705w, https:\/\/www.assmann-kiel.de\/wp-content\/uploads\/2024\/08\/Pflegepakete.png 1280w\" sizes=\"(max-width: 300px) 100vw, 300px\" \/><\/a><\/div><\/div><\/div><\/div><div class='flex_column av-njmyn-f79d7fc7f16bf89d385b519f4e3735f5 av_one_third  avia-builder-el-13  el_after_av_one_third  el_before_av_one_full  flex_column_div column-top-margin'     ><style type=\"text\/css\" data-created_by=\"avia_inline_auto\" id=\"style-css-av-la0qdw3y-d74fea6fec757fbe291d439e1aab87c9\">\n.avia-image-container.av-la0qdw3y-d74fea6fec757fbe291d439e1aab87c9 img.avia_image{\nbox-shadow:none;\n}\n.avia-image-container.av-la0qdw3y-d74fea6fec757fbe291d439e1aab87c9 .av-image-caption-overlay-center{\ncolor:#ffffff;\n}\n<\/style>\n<div  class='avia-image-container av-la0qdw3y-d74fea6fec757fbe291d439e1aab87c9 av-styling- av-hover-grow av-hide-overflow avia-align-center  avia-builder-el-14  avia-builder-el-no-sibling '   itemprop=\"image\" itemscope=\"itemscope\" itemtype=\"https:\/\/schema.org\/ImageObject\" ><div class=\"avia-image-container-inner\"><div class=\"avia-image-overlay-wrap\"><a href=\"https:\/\/www.assmann-kiel.de\/index.php\/homecare-wundversorgung\/\" class='avia_image' ><img decoding=\"async\" class='wp-image-500 avia-img-lazy-loading-not-500 avia_image ' src=\"https:\/\/www.assmann-kiel.de\/wp-content\/uploads\/2024\/08\/Wunderversorgung-300x169.png\" alt='' title='Wunderversorgung'  height=\"169\" width=\"300\"  itemprop=\"thumbnailUrl\" srcset=\"https:\/\/www.assmann-kiel.de\/wp-content\/uploads\/2024\/08\/Wunderversorgung-300x169.png 300w, https:\/\/www.assmann-kiel.de\/wp-content\/uploads\/2024\/08\/Wunderversorgung-1030x579.png 1030w, https:\/\/www.assmann-kiel.de\/wp-content\/uploads\/2024\/08\/Wunderversorgung-768x432.png 768w, https:\/\/www.assmann-kiel.de\/wp-content\/uploads\/2024\/08\/Wunderversorgung-705x397.png 705w, https:\/\/www.assmann-kiel.de\/wp-content\/uploads\/2024\/08\/Wunderversorgung.png 1280w\" sizes=\"(max-width: 300px) 100vw, 300px\" \/><\/a><\/div><\/div><\/div><\/div><div class='flex_column av-gbppj-abf492f78832598f3a5c9e353e95d222 av_one_full  avia-builder-el-15  el_after_av_one_third  avia-builder-el-last  first flex_column_div column-top-margin'     ><style type=\"text\/css\" data-created_by=\"avia_inline_auto\" id=\"style-css-av-a5fe7-0bc1f50997fb26def0b4ac34181b2955\">\n#top .hr.hr-invisible.av-a5fe7-0bc1f50997fb26def0b4ac34181b2955{\nheight:200px;\n}\n<\/style>\n<div  class='hr av-a5fe7-0bc1f50997fb26def0b4ac34181b2955 hr-invisible  avia-builder-el-16  avia-builder-el-no-sibling '><span class='hr-inner '><span class=\"hr-inner-style\"><\/span><\/span><\/div><\/div><\/p>\n","protected":false},"excerpt":{"rendered":"","protected":false},"author":1,"featured_media":0,"parent":0,"menu_order":0,"comment_status":"closed","ping_status":"closed","template":"","meta":{"footnotes":""},"class_list":["post-391","page","type-page","status-publish","hentry"],"_links":{"self":[{"href":"https:\/\/www.assmann-kiel.de\/index.php\/wp-json\/wp\/v2\/pages\/391","targetHints":{"allow":["GET"]}}],"collection":[{"href":"https:\/\/www.assmann-kiel.de\/index.php\/wp-json\/wp\/v2\/pages"}],"about":[{"href":"https:\/\/www.assmann-kiel.de\/index.php\/wp-json\/wp\/v2\/types\/page"}],"author":[{"embeddable":true,"href":"https:\/\/www.assmann-kiel.de\/index.php\/wp-json\/wp\/v2\/users\/1"}],"replies":[{"embeddable":true,"href":"https:\/\/www.assmann-kiel.de\/index.php\/wp-json\/wp\/v2\/comments?post=391"}],"version-history":[{"count":5,"href":"https:\/\/www.assmann-kiel.de\/index.php\/wp-json\/wp\/v2\/pages\/391\/revisions"}],"predecessor-version":[{"id":603,"href":"https:\/\/www.assmann-kiel.de\/index.php\/wp-json\/wp\/v2\/pages\/391\/revisions\/603"}],"wp:attachment":[{"href":"https:\/\/www.assmann-kiel.de\/index.php\/wp-json\/wp\/v2\/media?parent=391"}],"curies":[{"name":"wp","href":"https:\/\/api.w.org\/{rel}","templated":true}]}}