{"id":262,"date":"2022-09-14T20:01:27","date_gmt":"2022-09-14T18:01:27","guid":{"rendered":"http:\/\/assmann.it-nms.de\/?page_id=262"},"modified":"2024-09-23T13:01:08","modified_gmt":"2024-09-23T11:01:08","slug":"kinderreha","status":"publish","type":"page","link":"https:\/\/www.assmann-kiel.de\/index.php\/kinderreha\/","title":{"rendered":"Kinderversorgung"},"content":{"rendered":"\n<style type=\"text\/css\" data-created_by=\"avia_inline_auto\" id=\"style-css-av-l9o8pefr-e8161c6c17d06aaaf3cddf2ecffbd711\">\n#top .av-special-heading.av-l9o8pefr-e8161c6c17d06aaaf3cddf2ecffbd711{\npadding-bottom:50px;\n}\nbody .av-special-heading.av-l9o8pefr-e8161c6c17d06aaaf3cddf2ecffbd711 .av-special-heading-tag .heading-char{\nfont-size:25px;\n}\n.av-special-heading.av-l9o8pefr-e8161c6c17d06aaaf3cddf2ecffbd711 .special-heading-inner-border{\nborder-color:#0070e8;\n}\n.av-special-heading.av-l9o8pefr-e8161c6c17d06aaaf3cddf2ecffbd711 .av-subheading{\nfont-size:15px;\n}\nbody .av-special-heading.av-l9o8pefr-e8161c6c17d06aaaf3cddf2ecffbd711 .av-special-heading-tag .heading-wrap:before{\nborder-color:#0070e8;\n}\nbody .av-special-heading.av-l9o8pefr-e8161c6c17d06aaaf3cddf2ecffbd711 .av-special-heading-tag .heading-wrap:after{\nborder-color:#0070e8;\n}\n<\/style>\n<div  class='av-special-heading av-l9o8pefr-e8161c6c17d06aaaf3cddf2ecffbd711 av-special-heading-h2 custom-color-heading blockquote elegant-quote elegant-centered  avia-builder-el-0  el_before_av_one_full  avia-builder-el-first '><h2 class='av-special-heading-tag'  itemprop=\"headline\"  ><span class=\"heading-wrap\">Kinderversorgung<\/span><\/h2><div class=\"special-heading-border\"><div class=\"special-heading-inner-border\"><\/div><\/div><\/div>\n<div class='flex_column av-h3c7i-0719fb713f87f3374cb5b4de4997dcbf av_one_full  avia-builder-el-1  el_after_av_heading  el_before_av_one_third  first flex_column_div '     ><section  class='av_textblock_section av-la0pe0xl-a4a3df80a85afbdbd499565a3cac1d03'  itemscope=\"itemscope\" itemtype=\"https:\/\/schema.org\/CreativeWork\" ><div class='avia_textblock'  itemprop=\"text\" ><p>Von der medizinischen Versorgung bis zur allt\u00e4glichen Pflege \u2013 Wir wissen, dass Kinder keine kleinen Erwachsenen sind und bieten ma\u00dfgeschneiderte L\u00f6sungen, die auf die Bed\u00fcrfnisse Ihres Kindes abgestimmt sind. Unser Ziel ist es, eine Atmosph\u00e4re des Vertrauens zu schaffen, damit sich Ihr Kind in seiner gewohnten Umgebung wohl und sicher f\u00fchlt.<\/p>\n<\/div><\/section><\/div>\n<div class='flex_column av-lkci6-e08e204f4c48e438f6922ce6fdb61749 av_one_third  avia-builder-el-3  el_after_av_one_full  el_before_av_one_third  first flex_column_div column-top-margin'     ><style type=\"text\/css\" data-created_by=\"avia_inline_auto\" id=\"style-css-av-l9mwnan8-82cd0ab5c1d7417dc9a94315fe0c5331\">\n.avia-image-container.av-l9mwnan8-82cd0ab5c1d7417dc9a94315fe0c5331 img.avia_image{\nbox-shadow:none;\n}\n.avia-image-container.av-l9mwnan8-82cd0ab5c1d7417dc9a94315fe0c5331 .av-image-caption-overlay-center{\ncolor:#ffffff;\n}\n<\/style>\n<div  class='avia-image-container av-l9mwnan8-82cd0ab5c1d7417dc9a94315fe0c5331 av-styling- av-hover-grow av-hide-overflow avia-align-center  avia-builder-el-4  avia-builder-el-no-sibling '   itemprop=\"image\" itemscope=\"itemscope\" itemtype=\"https:\/\/schema.org\/ImageObject\" ><div class=\"avia-image-container-inner\"><div class=\"avia-image-overlay-wrap\"><a href=\"https:\/\/www.assmann-kiel.de\/index.php\/361-2\/\" class='avia_image' ><img decoding=\"async\" class='wp-image-492 avia-img-lazy-loading-not-492 avia_image ' src=\"https:\/\/www.assmann-kiel.de\/wp-content\/uploads\/2024\/08\/Sitzhilfen-300x169.png\" alt='' title='Sitzhilfen'  height=\"169\" width=\"300\"  itemprop=\"thumbnailUrl\" srcset=\"https:\/\/www.assmann-kiel.de\/wp-content\/uploads\/2024\/08\/Sitzhilfen-300x169.png 300w, https:\/\/www.assmann-kiel.de\/wp-content\/uploads\/2024\/08\/Sitzhilfen-1030x579.png 1030w, https:\/\/www.assmann-kiel.de\/wp-content\/uploads\/2024\/08\/Sitzhilfen-768x432.png 768w, https:\/\/www.assmann-kiel.de\/wp-content\/uploads\/2024\/08\/Sitzhilfen-705x397.png 705w, https:\/\/www.assmann-kiel.de\/wp-content\/uploads\/2024\/08\/Sitzhilfen.png 1280w\" sizes=\"(max-width: 300px) 100vw, 300px\" \/><\/a><\/div><\/div><\/div><\/div>\n<div class='flex_column av-fomla-19c4f9b9c292525965c96bf6036c6d09 av_one_third  avia-builder-el-5  el_after_av_one_third  el_before_av_one_third  flex_column_div column-top-margin'     ><style type=\"text\/css\" data-created_by=\"avia_inline_auto\" id=\"style-css-av-l9mwojpu-440142b60295676fb18e7bb524b11ecd\">\n.avia-image-container.av-l9mwojpu-440142b60295676fb18e7bb524b11ecd img.avia_image{\nbox-shadow:none;\n}\n.avia-image-container.av-l9mwojpu-440142b60295676fb18e7bb524b11ecd .av-image-caption-overlay-center{\ncolor:#ffffff;\n}\n<\/style>\n<div  class='avia-image-container av-l9mwojpu-440142b60295676fb18e7bb524b11ecd av-styling- av-hover-grow av-hide-overflow avia-align-center  avia-builder-el-6  avia-builder-el-no-sibling '   itemprop=\"image\" itemscope=\"itemscope\" itemtype=\"https:\/\/schema.org\/ImageObject\" ><div class=\"avia-image-container-inner\"><div class=\"avia-image-overlay-wrap\"><a href=\"https:\/\/www.assmann-kiel.de\/index.php\/kinderversorgung-stehhilfen\/\" class='avia_image' ><img decoding=\"async\" class='wp-image-493 avia-img-lazy-loading-not-493 avia_image ' src=\"https:\/\/www.assmann-kiel.de\/wp-content\/uploads\/2024\/08\/Stehhilfen-300x169.png\" alt='' title='Stehhilfen'  height=\"169\" width=\"300\"  itemprop=\"thumbnailUrl\" srcset=\"https:\/\/www.assmann-kiel.de\/wp-content\/uploads\/2024\/08\/Stehhilfen-300x169.png 300w, https:\/\/www.assmann-kiel.de\/wp-content\/uploads\/2024\/08\/Stehhilfen-1030x579.png 1030w, https:\/\/www.assmann-kiel.de\/wp-content\/uploads\/2024\/08\/Stehhilfen-768x432.png 768w, https:\/\/www.assmann-kiel.de\/wp-content\/uploads\/2024\/08\/Stehhilfen-705x397.png 705w, https:\/\/www.assmann-kiel.de\/wp-content\/uploads\/2024\/08\/Stehhilfen.png 1280w\" sizes=\"(max-width: 300px) 100vw, 300px\" \/><\/a><\/div><\/div><\/div><\/div><div class='flex_column av-7yi8u-0e8c344dbe7586a993b1d23b6526c152 av_one_third  avia-builder-el-7  el_after_av_one_third  el_before_av_one_full  flex_column_div column-top-margin'     ><style type=\"text\/css\" data-created_by=\"avia_inline_auto\" id=\"style-css-av-l9mwpizj-3633ce1e9cf63b076cf52fcf11246f29\">\n.avia-image-container.av-l9mwpizj-3633ce1e9cf63b076cf52fcf11246f29 img.avia_image{\nbox-shadow:none;\n}\n.avia-image-container.av-l9mwpizj-3633ce1e9cf63b076cf52fcf11246f29 .av-image-caption-overlay-center{\ncolor:#ffffff;\n}\n<\/style>\n<div  class='avia-image-container av-l9mwpizj-3633ce1e9cf63b076cf52fcf11246f29 av-styling- av-hover-grow av-hide-overflow avia-align-center  avia-builder-el-8  avia-builder-el-no-sibling '   itemprop=\"image\" itemscope=\"itemscope\" itemtype=\"https:\/\/schema.org\/ImageObject\" ><div class=\"avia-image-container-inner\"><div class=\"avia-image-overlay-wrap\"><a href=\"https:\/\/www.assmann-kiel.de\/index.php\/kinderversorgung-mobilitaetsicherheit\/\" class='avia_image' ><img decoding=\"async\" class='wp-image-490 avia-img-lazy-loading-not-490 avia_image ' src=\"https:\/\/www.assmann-kiel.de\/wp-content\/uploads\/2024\/08\/Mo-Sicherheit-300x169.png\" alt='' title='Mo &amp; Sicherheit'  height=\"169\" width=\"300\"  itemprop=\"thumbnailUrl\" srcset=\"https:\/\/www.assmann-kiel.de\/wp-content\/uploads\/2024\/08\/Mo-Sicherheit-300x169.png 300w, https:\/\/www.assmann-kiel.de\/wp-content\/uploads\/2024\/08\/Mo-Sicherheit-1030x579.png 1030w, https:\/\/www.assmann-kiel.de\/wp-content\/uploads\/2024\/08\/Mo-Sicherheit-768x432.png 768w, https:\/\/www.assmann-kiel.de\/wp-content\/uploads\/2024\/08\/Mo-Sicherheit-705x397.png 705w, https:\/\/www.assmann-kiel.de\/wp-content\/uploads\/2024\/08\/Mo-Sicherheit.png 1280w\" sizes=\"(max-width: 300px) 100vw, 300px\" \/><\/a><\/div><\/div><\/div><\/div><div class='flex_column av-a9gcu-73004ffe73c3ba525630c1bc81d2356a av_one_full  avia-builder-el-9  el_after_av_one_third  avia-builder-el-last  first flex_column_div column-top-margin'     ><style type=\"text\/css\" data-created_by=\"avia_inline_auto\" id=\"style-css-av-la0pfpwx-262bb0e39d409825aa43c270010bfb30\">\n#top .hr.hr-invisible.av-la0pfpwx-262bb0e39d409825aa43c270010bfb30{\nheight:200px;\n}\n<\/style>\n<div  class='hr av-la0pfpwx-262bb0e39d409825aa43c270010bfb30 hr-invisible  avia-builder-el-10  avia-builder-el-no-sibling '><span class='hr-inner '><span class=\"hr-inner-style\"><\/span><\/span><\/div><\/div><\/p>\n","protected":false},"excerpt":{"rendered":"","protected":false},"author":1,"featured_media":0,"parent":0,"menu_order":0,"comment_status":"closed","ping_status":"closed","template":"","meta":{"footnotes":""},"class_list":["post-262","page","type-page","status-publish","hentry"],"_links":{"self":[{"href":"https:\/\/www.assmann-kiel.de\/index.php\/wp-json\/wp\/v2\/pages\/262","targetHints":{"allow":["GET"]}}],"collection":[{"href":"https:\/\/www.assmann-kiel.de\/index.php\/wp-json\/wp\/v2\/pages"}],"about":[{"href":"https:\/\/www.assmann-kiel.de\/index.php\/wp-json\/wp\/v2\/types\/page"}],"author":[{"embeddable":true,"href":"https:\/\/www.assmann-kiel.de\/index.php\/wp-json\/wp\/v2\/users\/1"}],"replies":[{"embeddable":true,"href":"https:\/\/www.assmann-kiel.de\/index.php\/wp-json\/wp\/v2\/comments?post=262"}],"version-history":[{"count":23,"href":"https:\/\/www.assmann-kiel.de\/index.php\/wp-json\/wp\/v2\/pages\/262\/revisions"}],"predecessor-version":[{"id":608,"href":"https:\/\/www.assmann-kiel.de\/index.php\/wp-json\/wp\/v2\/pages\/262\/revisions\/608"}],"wp:attachment":[{"href":"https:\/\/www.assmann-kiel.de\/index.php\/wp-json\/wp\/v2\/media?parent=262"}],"curies":[{"name":"wp","href":"https:\/\/api.w.org\/{rel}","templated":true}]}}